{"id":178,"date":"2011-09-02T20:59:53","date_gmt":"2011-09-03T00:59:53","guid":{"rendered":"https:\/\/therrien.org\/?page_id=178"},"modified":"2023-08-10T22:16:05","modified_gmt":"2023-08-11T02:16:05","slug":"origine-des-terrien","status":"publish","type":"page","link":"https:\/\/therrien.org\/en\/familles-terrien\/origine-des-terrien\/","title":{"rendered":"Origin of Terrien"},"content":{"rendered":"<p>Some Terrien came to New France, from <a title=\"La Rochelle\" href=\"http:\/\/en.wikipedia.org\/wiki\/La_Rochelle\" target=\"_blank\" rel=\"noopener\">La Rochelle<\/a> in France.<\/p>\n<p><a name=\"Andre_Terrien_ancor\"><\/a><strong><em>Andr\u00e9 Terrien<\/em><\/strong><\/p>\n<p style=\"text-align: justify;\">He was born January 24, 1630 at Lafond, <a title=\"La Rochelle\" href=\"http:\/\/en.wikipedia.org\/wiki\/La_Rochelle\" target=\"_blank\" rel=\"noopener\">La Rochelle<\/a>, baptized the same day in Sainte-Marguerite, La Rochelle. He is the son of Andr\u00e9 Terrien and Marie Foucault. On February 2, 1655 he married Magdeleine Desvignes. Andr\u00e9 arrived at <a title=\"Qu\u00e9bec\" href=\"http:\/\/en.wikipedia.org\/wiki\/Quebec_City\" target=\"_blank\" rel=\"noopener\">Qu\u00e9bec<\/a> on the ship &#8220;Le Taureau&#8221; on June 15, 1656. During his stay in New France, he probably would have lived in <a title=\"Trois-Rivi\u00e8res\" href=\"http:\/\/en.wikipedia.org\/wiki\/Trois-Rivi%C3%A8res\" target=\"_blank\" rel=\"noopener\">Trois-Rivi\u00e8res<\/a>.<\/p>\n<p style=\"text-align: justify;\">Andr\u00e9 is the first Terrien to come to the country. He has not taken root since he returned to France.<\/p>\n<p><a name=\"Perrien_Terrien_ancor\"><\/a><em><strong>Perrine Terrien<\/strong><\/em><\/p>\n<p style=\"text-align: justify;\">She was born in <a title=\"La Rochelle\" href=\"http:\/\/en.wikipedia.org\/wiki\/La_Rochelle\" target=\"_blank\" rel=\"noopener\">La Rochelle<\/a> and baptized at Sainte-Marguerite&#8217;s Church on November 1, 1640. She is the daughter of Andr\u00e9 Terrien and Marguerite Foucault, and is the sister of Andr\u00e9, mentioned earlier. She would probably have arrived in the country during the year 1662. Perrine had married in <a title=\"Qu\u00e9bec\" href=\"http:\/\/en.wikipedia.org\/wiki\/Quebec_City\" target=\"_blank\" rel=\"noopener\">Qu\u00e9bec<\/a> on December 12, 1662 with Jean Allaire, who with his brother Charles Allaire, are the ancestors of the families Allaire and Dallaire.<\/p>\n<p><a name=\"Jean_Terrien_ancor\"><\/a><em><strong>Jean Terrien<\/strong><\/em><\/p>\n<p style=\"text-align: justify;\">He was born in the parish of Saint-Jacques-de-Dieppe on December 20, 1643. He is the son of Jean Terrien and Marie \u00c9lie. He would have come in the country around 1665. He has taken root and he lived in <a title=\"Trois-Rivi\u00e8res\" href=\"http:\/\/en.wikipedia.org\/wiki\/Trois-Rivi%C3%A8res\" target=\"_blank\" rel=\"noopener\">Trois-Rivi\u00e8res<\/a> where on January 26, 1667 he married Judith Rigaud. The latter being the widow of Fran\u00e7ois Lema\u00eetre, she is the daughter of \u00c9lis\u00e9e Rigaud and Marie Dugas. One of their two sons survived and provided the progeny of several Therrien.<\/p>\n<p style=\"text-align: justify;\">For details on the child of Jean Terrien,\u00a0<a title=\"Child of Jean Terrien\" href=\"https:\/\/therrien.org\/en\/familles-terrien\/familles-souches\/jean-terrien-et-judith-rigaud\/\">click here<\/a>.<\/p>\n<p><a name=\"Pierre_Terrien_ancor\"><\/a><em><strong>Pierre Terrien<\/strong><\/em><\/p>\n<p style=\"text-align: justify;\">He is the ancestor of the majority of the families Th\u00e9rien and Therrien of America. Lineage and origin are unknown, but he is probably native from the region of <a title=\"La Rochelle\" href=\"http:\/\/en.wikipedia.org\/wiki\/La_Rochelle\" target=\"_blank\" rel=\"noopener\">La Rochelle<\/a> where he would be born around 1635. Saying of La Jarne located at 8 km from La Rochelle, he left the port of La Rochelle on the ship &#8220;La Fortune&#8221; around April 1656 and arrived in <a title=\"Qu\u00e9bec\" href=\"http:\/\/en.wikipedia.org\/wiki\/Quebec_City\" target=\"_blank\" rel=\"noopener\">Qu\u00e9bec<\/a> most likely in July. Pierre has taken root and would have lived the first years in the country somewhere on the C\u00f4te de Beaupr\u00e9, where he was confirmed on February 2, 1660 and at Qu\u00e9bec where he was in 1663. In 1669, we find him at the seigneurial Manor in Ch\u00e2teau-Richer, where he received a concession of land located in Saint-Jean, <a title=\"Ile d'Orl\u00e9ans\" href=\"http:\/\/en.wikipedia.org\/wiki\/%C3%8Ele_d'Orl%C3%A9ans\" target=\"_blank\" rel=\"noopener\">\u00cele d&#8217;Orl\u00e9ans<\/a>.<\/p>\n<p style=\"text-align: justify;\">It is at \u00cele d\u2019Orl\u00e9ans, parish Sainte-Famille on 17 may 1670 that he married Gabrielle Mineau, born in Fontenay-le-Comte, Poitou, France around 1656, and daughter of Jean Mineau and Jeanne Caill\u00e9. Gabrielle arrived in the country with her mother and perhaps his father, as well as with her sister and two brothers around 1669. Everything indicates that Jeanne with her family moved to the \u00cele d&#8217;Orl\u00e9ans. Fourteen children were born of the marriage of Peter and Gabrielle. After their marriage, we find them at \u00cele-aux-Grues where in 1672 and 1674 are born the first two children. Around 1675 they are back in \u00cele d&#8217;Orl\u00e9ans and they settled permanently on their land in Saint-Jean where are born the twelve other children. Of their fourteen children, five have died in infancy, and one in adulthood. Eight, including seven boys and a girl were married and have assured the progeny.<\/p>\n<p style=\"text-align: justify;\">For details on children of Pierre Terrien, <a title=\"Children of Pierre Terrien\" href=\"https:\/\/therrien.org\/en\/familles-terrien\/familles-souches\/pierre-terrien-et-gabrielle-mineau\">click here<\/a>.<\/p>\n<hr \/>\n<p style=\"text-align: justify;\">Here is a picture of the port of <a title=\"La Rochelle\" href=\"http:\/\/en.wikipedia.org\/wiki\/La_Rochelle\" target=\"_blank\" rel=\"noopener\">La Rochelle<\/a>, where many of our ancestors embarked for New France.<\/p>\n<div id=\"attachment_606\" style=\"width: 634px\" class=\"wp-caption alignnone\"><a href=\"https:\/\/therrien.org\/wp-content\/uploads\/2011\/09\/Tours_LaRochelle_France.jpg\"><img loading=\"lazy\" decoding=\"async\" aria-describedby=\"caption-attachment-606\" class=\" wp-image-606 \" style=\"border: 2px solid black; margin: 1px;\" title=\"Tours La Rochelle France\" src=\"https:\/\/therrien.org\/wp-content\/uploads\/2011\/09\/Tours_LaRochelle_France.jpg\" alt=\"Tours La Rochelle France\" width=\"624\" height=\"314\" \/><\/a><p id=\"caption-attachment-606\" class=\"wp-caption-text\">Tours &#8211; La Rochelle &#8211; France<\/p><\/div>\n<p>Below is an <span style=\"text-decoration: underline;\"><em>interactive<\/em><\/span> map with a satellite view of the port of La Rochelle, France.<\/p>\n<p>[map address=&#8221;Tour Saint-Nicolas, La Rochelle, France&#8221; z=15 maptype=satellite]<\/p>\n<div><span style=\"font-size: 16px; line-height: 24px; text-align: justify;\">\u00a0<\/span><\/div>\n<p><\/p>","protected":false},"excerpt":{"rendered":"<p>Some Terrien came to New France, from La Rochelle in France. Andr\u00e9 Terrien He was born January 24, 1630 at Lafond, La Rochelle, baptized the same day in Sainte-Marguerite, La Rochelle. He is the son of Andr\u00e9 Terrien and Marie &hellip; <a href=\"https:\/\/therrien.org\/en\/familles-terrien\/origine-des-terrien\/\">Continue reading <span class=\"meta-nav\">&rarr;<\/span><\/a><\/p>\n","protected":false},"author":3,"featured_media":0,"parent":164,"menu_order":1,"comment_status":"closed","ping_status":"closed","template":"","meta":{"ngg_post_thumbnail":0,"footnotes":""},"class_list":["post-178","page","type-page","status-publish","hentry"],"aioseo_notices":[],"_links":{"self":[{"href":"https:\/\/therrien.org\/en\/wp-json\/wp\/v2\/pages\/178","targetHints":{"allow":["GET"]}}],"collection":[{"href":"https:\/\/therrien.org\/en\/wp-json\/wp\/v2\/pages"}],"about":[{"href":"https:\/\/therrien.org\/en\/wp-json\/wp\/v2\/types\/page"}],"author":[{"embeddable":true,"href":"https:\/\/therrien.org\/en\/wp-json\/wp\/v2\/users\/3"}],"replies":[{"embeddable":true,"href":"https:\/\/therrien.org\/en\/wp-json\/wp\/v2\/comments?post=178"}],"version-history":[{"count":31,"href":"https:\/\/therrien.org\/en\/wp-json\/wp\/v2\/pages\/178\/revisions"}],"predecessor-version":[{"id":2606,"href":"https:\/\/therrien.org\/en\/wp-json\/wp\/v2\/pages\/178\/revisions\/2606"}],"up":[{"embeddable":true,"href":"https:\/\/therrien.org\/en\/wp-json\/wp\/v2\/pages\/164"}],"wp:attachment":[{"href":"https:\/\/therrien.org\/en\/wp-json\/wp\/v2\/media?parent=178"}],"curies":[{"name":"wp","href":"https:\/\/api.w.org\/{rel}","templated":true}]}}