{"id":194,"date":"2011-09-02T21:17:25","date_gmt":"2011-09-02T21:17:25","guid":{"rendered":"https:\/\/therrien.org\/?page_id=194"},"modified":"2018-05-30T11:27:30","modified_gmt":"2018-05-30T11:27:30","slug":"volumes-sur-les-terrien","status":"publish","type":"page","link":"https:\/\/therrien.org\/en\/publications\/volumes-sur-les-terrien\/","title":{"rendered":"Publications on Terrien"},"content":{"rendered":"<p><\/p>\n<p style=\"text-align: justify;\"><strong>Books<\/strong><\/p>\n<p style=\"text-align: justify; padding-left: 30px;\"><em>Publication by Roger Therrien<\/em><\/p>\n<p style=\"text-align: justify; padding-left: 60px;\"><a title=\"Publication by Roger Therrien\" href=\"https:\/\/therrien.org\/en\/publications\/volumes-sur-les-terrien\/#Roger_Therrien_ancor\">\u00ab\u00a0<em>Pierre Terrien et Gabrielle Mineau (Mignot), leur vie, leur famille et leur entourage<\/em>\u00a0\u00bb<\/a><\/p>\n<p style=\"text-align: justify; padding-left: 30px;\"><em>Publication by Rachel Laplante<\/em><\/p>\n<p style=\"text-align: justify; padding-left: 60px;\"><a title=\"Publication by Rachel Laplante\" href=\"https:\/\/therrien.org\/en\/publications\/volumes-sur-les-terrien\/#Rachel_Laplante_ancor\">\u00ab\u00a0 <em>MES RACINES, MES AMOURS<\/em>\u00a0\u00a0\u00bb<\/a><\/p>\n<p style=\"text-align: justify; padding-left: 30px;\"><em>Publication by R. T. Therrien<\/em><\/p>\n<p style=\"text-align: justify; padding-left: 60px;\"><a title=\"Publication by R. T. Therrien\" href=\"https:\/\/therrien.org\/en\/publications\/volumes-sur-les-terrien\/#RT_Therrien_ancor\">\u00ab\u00a0<em>NOS ANC\u00caTRES (3e \u00e9dition), Filiation g\u00e9n\u00e9alogique de Jules Terrien et Sophie Pelletier<\/em>\u00a0\u00bb<\/a><\/p>\n<p style=\"text-align: justify; padding-left: 30px;\"><a title=\"Compact Disk\" href=\"https:\/\/therrien.org\/en\/publications\/volumes-sur-les-terrien\/#Disque_Compacte_ancor\">Compact Disk<\/a><\/p>\n<p style=\"text-align: justify; padding-left: 30px;\"><a title=\"Newsletters\" href=\"https:\/\/therrien.org\/en\/publications\/volumes-sur-les-terrien\/#Bulletins_ancor\">Newsletters<\/a><\/p>\n<p style=\"text-align: justify;\"><strong>Books<\/strong><\/p>\n<p style=\"text-align: justify;\"><a name=\"Roger_Therrien_ancor\"><\/a><strong><em>Publication by Roger Therrien<\/em><\/strong><\/p>\n<div id=\"attachment_592\" style=\"width: 235px\" class=\"wp-caption alignright\"><a href=\"https:\/\/therrien.org\/wp-content\/uploads\/2012\/02\/Livre_Couverture.jpg\"><img loading=\"lazy\" decoding=\"async\" aria-describedby=\"caption-attachment-592\" class=\"size-medium wp-image-592   \" style=\"border: 2px solid black; margin: 1px;\" title=\"Pierre Terrien et Gabrielle Mineau (Mignot), leur vie, leur famille et leur entourage Par Roger Therrien\" src=\"https:\/\/therrien.org\/wp-content\/uploads\/2012\/02\/Livre_Couverture-225x300.jpg\" alt=\"Pierre Terrien et Gabrielle Mineau (Mignot), leur vie, leur famille et leur entourage Par Roger Therrien\" width=\"225\" height=\"300\" srcset=\"https:\/\/therrien.org\/wp-content\/uploads\/2012\/02\/Livre_Couverture-225x300.jpg 225w, https:\/\/therrien.org\/wp-content\/uploads\/2012\/02\/Livre_Couverture.jpg 465w\" sizes=\"auto, (max-width: 225px) 100vw, 225px\" \/><\/a><p id=\"caption-attachment-592\" class=\"wp-caption-text\">Book by Roger Therrien<\/p><\/div>\n<p style=\"text-align: justify;\">Want to know the life of the ancestor Pierre Terrien,\u00a0 well be aware that his biography is written and is now available in <em><strong>French<\/strong><\/em>. This 302 pages book relate the detailed story of his life and his wife Gabrielle Mineau (Mignot), each of their children as well as some notes on the third generation.<\/p>\n<p style=\"text-align: justify;\">In 2006, Roger Therrien published Volume 1 of his book, titled &#8220;<em>Pierre Terrien et Gabrielle Mineau (Mignot), leur vie, leur famille et leur entourage<\/em>&#8220;. This book was published to mark the 350th anniversary of the arrival of the ancestor Pierre Terrien in New France, in 1656. After this first publication, Roger continued his research for a possible response to this first book.<\/p>\n<p style=\"text-align: justify;\">His research has uncovered some new facts that required some corrections or changes to certain events. That&#8217;s when he decided to present this second edition with the necessary changes.<\/p>\n<p style=\"text-align: justify;\"><strong>Legal Deposit 2010. ISBN 978-2-9809-508-0-3<\/strong> Biblioth\u00e8que Nationale du Qu\u00e9bec and Biblioth\u00e8que Nationale du Canada.<\/p>\n<p>In this book, you will discover :<\/p>\n<ul>\n<li>A brief history of Terrien&#8217;s families of France, region of La Rochelle.<\/li>\n<li>The arrival of Pierre Terrien in New France.<\/li>\n<li>His life in New France, his marriage and some notes on the people around them.<\/li>\n<li>Their children and their families.<\/li>\n<li>A brief history of other Terrien who came to New France.<\/li>\n<\/ul>\n<p style=\"text-align: justify;\">You will also find some historical facts that marked the lives of our ancestors.<\/p>\n<p>To order this <strong><em>French<\/em><\/strong> book, please complete the <a title=\"French Book Order Form\" href=\"https:\/\/therrien.org\/wp-content\/uploads\/2012\/02\/Bon-de-commande-Roger-Therrien.pdf\" target=\"_blank\">Order Form<\/a>. <strong><\/strong>For more information, please contact <a title=\"Email address of Roger Therrien\" href=\"mailto:rogertherrien4@videotron.ca\" target=\"_blank\">Roger Therrien<\/a>, he will be happy to answer all your questions.<\/p>\n<p style=\"text-align: justify;\"><a name=\"Rachel_Laplante_ancor\"><\/a><strong><em>Publication by Rachel Laplante<\/em><\/strong><\/p>\n<div id=\"attachment_741\" style=\"width: 235px\" class=\"wp-caption alignright\"><a href=\"https:\/\/therrien.org\/wp-content\/uploads\/2011\/09\/Couverture-Mes-racines-mes-amours-001.jpg\"><img loading=\"lazy\" decoding=\"async\" aria-describedby=\"caption-attachment-741\" class=\" wp-image-741  \" style=\"border-image: initial; border-width: 2px; border-color: black; border-style: solid; margin: 2px;\" title=\"Couverture Mes racines, mes amours 001\" src=\"https:\/\/therrien.org\/wp-content\/uploads\/2011\/09\/Couverture-Mes-racines-mes-amours-001.jpg\" alt=\"Mes racines, Mes amours\" width=\"225\" height=\"300\" \/><\/a><p id=\"caption-attachment-741\" class=\"wp-caption-text\">Book by Rachel Laplante<\/p><\/div>\n<p style=\"text-align: justify;\">MES RACINES, MES AMOURS is the biography of Joseph Therrien, my maternal grandfather, a descendant of Pierre Terrien de La Rochelle. Born into a modest family, Joseph was resolved to be out of poverty, so he left to work in Western Canada. Upon his return, he settled in Saint-Claude. Then he met Emma Marceau, whom he married and with whom he had five children including my mother, Angelina Therrien. She married Rosary Laplante and their union produced many children. This is an exciting story whose narration is adorned with many pictures.<\/p>\n<p style=\"text-align: justify;\"><strong>Legal deposit in 2012. ISBN 978-2-9813051-0-7<\/strong><\/p>\n<p style=\"text-align: justify;\">To obtain the 254 pages <strong>French<\/strong> manuscript at a cost of $ 25, please contact Rachel Laplante at the following email address : <a title=\"rachellaplante@ymail.com\" href=\"mailto:rachellaplante@ymail.com\" target=\"_blank\">rachellaplante@ymail.com<\/a><\/p>\n<p style=\"text-align: justify;\"><a name=\"RT_Therrien_ancor\"><\/a><strong><em>Publication By R. T. Therrien<\/em><\/strong><\/p>\n<div id=\"attachment_741\" style=\"width: 235px\" class=\"wp-caption alignright\"><a href=\"https:\/\/therrien.org\/wp-content\/uploads\/2012\/09\/Couverture_RT_Therrien_Tome1.jpg\"><img loading=\"lazy\" decoding=\"async\" aria-describedby=\"caption-attachment-741\" class=\"wp-image-741 \" style=\"border-image: initial; border-width: 2px; border-color: black; border-style: solid; margin: 2px;\" title=\"NOS ANC\u00caTRES (3e \u00e9dition)\" src=\"https:\/\/therrien.org\/wp-content\/uploads\/2012\/09\/Couverture_RT_Therrien_Tome1.jpg\" alt=\"NOS ANC\u00caTRES (3e \u00e9dition)\" width=\"225\" height=\"300\" \/><\/a><p id=\"caption-attachment-741\" class=\"wp-caption-text\">Book by de R. T. Therrien<\/p><\/div>\n<p style=\"text-align: justify;\">This book of some 147 pages, the TOME-I, NOS ANC\u00caTRES (3e \u00e9dition) is divided into three chapters:<\/p>\n<p style=\"text-align: justify;\">1-\tThe \u00a8TERRIENNE\u00a8 from France;<br \/>\n2-\tThe \u00a8TERRIEN\u00a8 in Qu\u00e9bec;<br \/>\n3-\tThe \u00a8THERRIEN\u00a8 in New Brunswick.<\/p>\n<p style=\"text-align: justify;\">The first chapter treat specifically of our origins, the family surname, coat of arms and known lineage in France.<\/p>\n<p style=\"text-align: justify;\">The second chapter describes the first traces of the surname in New France, the ancestor Pierre, the children of Pierre and Gabrielle Minaud and direct ascendance of Jules in Qu\u00e9bec.<\/p>\n<p style=\"text-align: justify;\">The last chapter includes the voyage of Jules Terrien from Saint-Nicolas in Quebec to the small colony of the haut-Saint-Jean (now particularly the County of Madawaska, New Brunswick) and the immediate descendants of Jules Terrien and Sophie Pelletier.<\/p>\n<p style=\"text-align: justify;\">For sale by its creator at a cost of $ 30.00 plus postage (if applicable). Please contact Mr. Theo Therrien to get this book.<\/p>\n<p style=\"text-align: justify;\">R. T. Therrien<br \/>\n18 avenue Gagnon<br \/>\nEdmundston, N.-B.<br \/>\nE3V 3H8<br \/>\nPhone : (506) 735-4859<br \/>\nemail :\u00a0<a title=\"therrien.nb@live.net\" href=\"mailto:therrien.nb@live.net\" target=\"_blank\">therrien.nb@live.net<\/a><\/p>\n<p style=\"text-align: justify;\"><a name=\"Disque_Compacte_ancor\"><\/a><strong>Compact Disk<\/strong><\/p>\n<p style=\"text-align: justify;\"><strong><\/strong>Compact Disk Therrien \/ Th\u00e9rien \/ Terrien: $ 50.00 includes postage. Information: <a title=\"Email address of Th\u00e9odore Therrien\" href=\"mailto:ttherrien@primus.ca\">Theodore J. Therrien<\/a><\/p>\n<p style=\"text-align: justify;\"><a name=\"Bulletins_ancor\"><\/a><strong>Newsletters<\/strong><\/p>\n<p style=\"text-align: justify;\">Le Therrien:\u00a0 Complete serie $ 70.00 + postage<\/p>\n<p><\/p>","protected":false},"excerpt":{"rendered":"<p>Books Publication by Roger Therrien \u00ab\u00a0Pierre Terrien et Gabrielle Mineau (Mignot), leur vie, leur famille et leur entourage\u00a0\u00bb Publication by Rachel Laplante \u00ab\u00a0 MES RACINES, MES AMOURS\u00a0\u00a0\u00bb Publication by R. T. Therrien \u00ab\u00a0NOS ANC\u00caTRES (3e \u00e9dition), Filiation g\u00e9n\u00e9alogique de Jules &hellip; <a href=\"https:\/\/therrien.org\/en\/publications\/volumes-sur-les-terrien\/\">Continue reading <span class=\"meta-nav\">&rarr;<\/span><\/a><\/p>\n","protected":false},"author":3,"featured_media":0,"parent":169,"menu_order":1,"comment_status":"closed","ping_status":"closed","template":"","meta":{"ngg_post_thumbnail":0,"footnotes":""},"class_list":["post-194","page","type-page","status-publish","hentry"],"aioseo_notices":[],"_links":{"self":[{"href":"https:\/\/therrien.org\/en\/wp-json\/wp\/v2\/pages\/194","targetHints":{"allow":["GET"]}}],"collection":[{"href":"https:\/\/therrien.org\/en\/wp-json\/wp\/v2\/pages"}],"about":[{"href":"https:\/\/therrien.org\/en\/wp-json\/wp\/v2\/types\/page"}],"author":[{"embeddable":true,"href":"https:\/\/therrien.org\/en\/wp-json\/wp\/v2\/users\/3"}],"replies":[{"embeddable":true,"href":"https:\/\/therrien.org\/en\/wp-json\/wp\/v2\/comments?post=194"}],"version-history":[{"count":46,"href":"https:\/\/therrien.org\/en\/wp-json\/wp\/v2\/pages\/194\/revisions"}],"predecessor-version":[{"id":2346,"href":"https:\/\/therrien.org\/en\/wp-json\/wp\/v2\/pages\/194\/revisions\/2346"}],"up":[{"embeddable":true,"href":"https:\/\/therrien.org\/en\/wp-json\/wp\/v2\/pages\/169"}],"wp:attachment":[{"href":"https:\/\/therrien.org\/en\/wp-json\/wp\/v2\/media?parent=194"}],"curies":[{"name":"wp","href":"https:\/\/api.w.org\/{rel}","templated":true}]}}