{"id":393,"date":"2011-11-09T06:44:42","date_gmt":"2011-11-09T11:44:42","guid":{"rendered":"https:\/\/therrien.org\/?page_id=393"},"modified":"2012-09-19T20:34:11","modified_gmt":"2012-09-20T00:34:11","slug":"historique","status":"publish","type":"page","link":"https:\/\/therrien.org\/en\/lassociation\/historique\/","title":{"rendered":"History"},"content":{"rendered":"<p><\/p>\n<p style=\"text-align: justify;\">The \u201cRalliement des Familles Jean et Pierre Terrien\u201d Association was founded in 1983 and incorporated on September 28, 1984, in accordance with the laws of Quebec. Its headquarters are situated in the community of Notre-Dame-du-Bon-Conseil, Qu\u00e9bec. The Association in question is a non-profit organization whose main purpose is to reunite and inform all those fascinated by history and genealogy.<\/p>\n<p style=\"text-align: justify;\">On November 19, 1983, under the initiative of L\u00e9o Therrien,\u00a0 one hundred and twenty five individuals attended the first Reunion of the Families of\u00a0 Jean and Pierre Terrien at the Universal Motel of Drummondville, Qu\u00e9bec.\u00a0 The first Board of Directors was composed of the followings members:<\/p>\n<p><em>President<\/em>:\u00a0\u00a0\u00a0\u00a0\u00a0\u00a0\u00a0\u00a0\u00a0 \u00a0\u00a0\u00a0\u00a0 L\u00e9o Therrien \u2013 Notre-Dame-du-Bon-Conseil<br \/>\n<em>Vice-president<\/em>: \u00a0\u00a0\u00a0\u00a0 Mathias Therrien \u2013 Arthabaska<br \/>\n<em>Treasurer<\/em>:\u00a0\u00a0\u00a0\u00a0\u00a0\u00a0\u00a0\u00a0 \u00a0\u00a0\u00a0\u00a0 Yolande Therrien Boucher \u2013 Saint-Albert<br \/>\n<em>Secretary<\/em>:\u00a0\u00a0\u00a0\u00a0\u00a0\u00a0\u00a0\u00a0\u00a0 \u00a0\u00a0\u00a0\u00a0 Rita Therrien Fr\u00e9chette \u2013 Sainte-Clothilde de Horton<br \/>\n<em>Administrator<\/em>: \u00a0\u00a0\u00a0\u00a0 Estelle Th\u00e9rien \u2013 Montr\u00e9al<br \/>\n<em>Administrator<\/em>: \u00a0\u00a0\u00a0\u00a0 R\u00e9al Therrien \u2013 Warwick<br \/>\n<em>Administrator<\/em>: \u00a0\u00a0\u00a0\u00a0 Germaine Therrien Gr\u00e9goire \u2013 Saint-Antoine des Laurentides<br \/>\n<em>Administrator<\/em>: \u00a0\u00a0\u00a0\u00a0 L\u00e9on Therrien \u2013 Windsor<br \/>\n<em>Administrator<\/em>: \u00a0\u00a0\u00a0\u00a0 Pierrette Therrien \u2013 Saint-Dominique<br \/>\n<em>Administrator<\/em>: \u00a0\u00a0\u00a0\u00a0 Alvida Therrien \u2013 Saint-Lucien<\/p>\n<div id=\"attachment_552\" style=\"width: 627px\" class=\"wp-caption alignnone\"><img loading=\"lazy\" decoding=\"async\" aria-describedby=\"caption-attachment-552\" class=\"size-full wp-image-552    \" title=\"First annual reunion\" src=\"https:\/\/therrien.org\/wp-content\/uploads\/2011\/11\/PremierRalliement.jpg\" alt=\"First anual reunion of Terrien families\" width=\"617\" height=\"442\" srcset=\"https:\/\/therrien.org\/wp-content\/uploads\/2011\/11\/PremierRalliement.jpg 617w, https:\/\/therrien.org\/wp-content\/uploads\/2011\/11\/PremierRalliement-300x214.jpg 300w\" sizes=\"auto, (max-width: 617px) 100vw, 617px\" \/><p id=\"caption-attachment-552\" class=\"wp-caption-text\">Terrien&#39;s First annual reunion (Photography - La Tribune by Roger Lafrance)<\/p><\/div>\n<p style=\"text-align: justify;\">This small group of individuals from across the province of Qu\u00e9bec set out to discover the<br \/>\nhistory and the origins of the Terrien, Th\u00e9rien and Therrien families. After all these years, the board is still made up of ten members and even though most of the names have changed their passion remains unchanged.<\/p>\n<p style=\"text-align: justify;\">There several ways to write the name of our ancestors such as Terrien, Therrien, Th\u00e9rien, Taylor, Farmer, Pharmer and Lander. Although the name of Therrien is the most encountered spelling today, the Association has chosen the name of Terrien, in reference to the Ancestors, in the name of the Association of the &#8221; Ralliement des Familles Jean et Pierre Terrien &#8220;, and was thus incorporated under the laws of Qu\u00e9bec. The association aims to bring together all descendants of the ancestors, no matter how they write their names.<\/p>\n<p style=\"text-align: justify;\">The 1995 reunion at Ile d\u2019Orl\u00e9ans emphasized the 325th wedding anniversary of the ancestor Pierre Terrien and Gabrielle Mignot with the unveiling of a memorial plaque on the very farm that Pierre once owned. This gesture signals that our ancestors also helped structure the rich history of Ile d\u2019Orl\u00e9ans. Two years later at the 1997 reunion at Trois-Rivi\u00e8res, the group underlined the 330th wedding anniversary of the ancestor Jean Terrien and Judith Rigault, with a Catholic mass and unveiling of a memorial plaque.<\/p>\n<p style=\"text-align: justify;\">Our association is a member of the &#8220;<a title=\"F\u00e9d\u00e9ration des familles souches du Qu\u00e9bec\" href=\"http:\/\/ffsq.qc.ca\/about_us.html\" target=\"_blank\">F\u00e9d\u00e9ration des familles souches du Qu\u00e9bec<\/a>&#8220;.<\/p>\n<div class=\"mceTemp\" style=\"text-align: justify;\">\n<dl id=\"attachment_466\" class=\"wp-caption alignleft\" style=\"width: 148px;\">\n<dt class=\"wp-caption-dt\"><a href=\"https:\/\/therrien.org\/wp-content\/uploads\/2011\/11\/Leo_Therrien_President.jpg\"><img loading=\"lazy\" decoding=\"async\" class=\"size-full wp-image-466  \" style=\"border: 1px solid black; margin: 3px;\" title=\"L\u00e9o Therrien Founding President of the Association\" src=\"https:\/\/therrien.org\/wp-content\/uploads\/2011\/11\/Leo_Therrien_President.jpg\" alt=\"L\u00e9o Therrien Founding President of the Association\" width=\"138\" height=\"136\" \/><\/a><\/dt>\n<dd class=\"wp-caption-dd\">L\u00e9o Therrien Founding President of the Association of the Ralliement des families Jean et Pierre Terrien<\/dd>\n<\/dl>\n<\/div>\n<p style=\"text-align: justify;\"><a href=\"https:\/\/therrien.org\/en\/2011\/11\/28\/leo-therrien-president-fondateur-de-lasociation\/\"><strong>L\u00e9o Therrien<\/strong> 1939-2008<\/a><br \/>\nTeacher and psycho-educator<br \/>\nFounding President of the Association of\u00a0 the Ralliement des families Jean et Pierre Terrien<br \/>\nMaster Genealogist<\/p>\n<p><\/p>","protected":false},"excerpt":{"rendered":"<p>The \u201cRalliement des Familles Jean et Pierre Terrien\u201d Association was founded in 1983 and incorporated on September 28, 1984, in accordance with the laws of Quebec. Its headquarters are situated in the community of Notre-Dame-du-Bon-Conseil, Qu\u00e9bec. The Association in question &hellip; <a href=\"https:\/\/therrien.org\/en\/lassociation\/historique\/\">Continue reading <span class=\"meta-nav\">&rarr;<\/span><\/a><\/p>\n","protected":false},"author":3,"featured_media":0,"parent":140,"menu_order":0,"comment_status":"closed","ping_status":"closed","template":"","meta":{"ngg_post_thumbnail":0,"footnotes":""},"class_list":["post-393","page","type-page","status-publish","hentry"],"aioseo_notices":[],"_links":{"self":[{"href":"https:\/\/therrien.org\/en\/wp-json\/wp\/v2\/pages\/393","targetHints":{"allow":["GET"]}}],"collection":[{"href":"https:\/\/therrien.org\/en\/wp-json\/wp\/v2\/pages"}],"about":[{"href":"https:\/\/therrien.org\/en\/wp-json\/wp\/v2\/types\/page"}],"author":[{"embeddable":true,"href":"https:\/\/therrien.org\/en\/wp-json\/wp\/v2\/users\/3"}],"replies":[{"embeddable":true,"href":"https:\/\/therrien.org\/en\/wp-json\/wp\/v2\/comments?post=393"}],"version-history":[{"count":30,"href":"https:\/\/therrien.org\/en\/wp-json\/wp\/v2\/pages\/393\/revisions"}],"predecessor-version":[{"id":957,"href":"https:\/\/therrien.org\/en\/wp-json\/wp\/v2\/pages\/393\/revisions\/957"}],"up":[{"embeddable":true,"href":"https:\/\/therrien.org\/en\/wp-json\/wp\/v2\/pages\/140"}],"wp:attachment":[{"href":"https:\/\/therrien.org\/en\/wp-json\/wp\/v2\/media?parent=393"}],"curies":[{"name":"wp","href":"https:\/\/api.w.org\/{rel}","templated":true}]}}