{"id":675,"date":"2012-02-26T13:58:04","date_gmt":"2012-02-26T18:58:04","guid":{"rendered":"https:\/\/therrien.org\/?page_id=675"},"modified":"2021-10-30T19:58:34","modified_gmt":"2021-10-30T23:58:34","slug":"passe","status":"publish","type":"page","link":"https:\/\/therrien.org\/en\/lassociation\/conseil-dadministration\/passe\/","title":{"rendered":"Past"},"content":{"rendered":"<p><\/p>\n<p style=\"text-align: justify;\">You will find below the list of members who participated in one or more of our 30 Boards of Directors. These members made their appreciated involvement as volunteer, helping to serve the cause of the Association and to do something for others. It is interesting to note that the etymology of the word volunteer comes from the Latin &#8220;voluntarious&#8221; which means &#8221; willing, voluntary &#8220;.<\/p>\n<p>Thank you to all members for their involvement and their great generosity.<\/p>\n<p><em><strong>Board of Directors 1984 &#8211; 1985<\/strong><\/em><\/p>\n<p>L\u00e9o Therrien, President<br \/>\nNotre-Dame du Bon-Conseil, Qc<br \/>\nMathias Therrien, Vice-president<br \/>\nArtabaska, Qc<br \/>\nRita Therrien Fr\u00e9chette, Secretary<br \/>\nSaint-Albert, Qc<br \/>\nYollande Therrien Boucher, Treasurer<br \/>\nSainte-Clothilde de Herton, Qc<\/p>\n<p><em>Administrators<\/em><\/p>\n<p>Estelle Th\u00e9rien<br \/>\nMontr\u00e9al, Qc<br \/>\nR\u00e9al et Florence Therrien<br \/>\nWarwick, Qc<br \/>\nAlvida et L\u00e9da Therrien<br \/>\nSaint-Lucien, Qc<br \/>\nL\u00e9on Therrien<br \/>\nWindsor, Qc<br \/>\nPierrette et Sylvie Therrien<br \/>\nSaint-Dominique, Qc<br \/>\nGermaine Therrien Gr\u00e9goire<br \/>\nSaint-Antoine des Laurentides, Qc<\/p>\n<p><em><strong>Board of Directors 1985 &#8211; 1986<\/strong><\/em><\/p>\n<p>L\u00e9o Therrien, President<br \/>\nNotre-Dame du Bon-Conseil, Qc<br \/>\nAndr\u00e9 Therrien, Vice-president<br \/>\nSainte-Foy, Qc<br \/>\nJean Therrien, Treasurer<br \/>\nAncienne-Lorette, Qc<br \/>\nRita Therrien Fr\u00e9chette, Secretary<br \/>\nSaint-Albert, Qc<\/p>\n<p><em>Administrators<\/em><\/p>\n<p>R\u00e9al et Florence Therrien<br \/>\nWarwick, Qc<br \/>\nMathias Therrien<br \/>\nArtabaska, Qc<br \/>\nYollande Therrien Boucher<br \/>\nSainte-Clothilde de Herton, Qc<br \/>\nAng\u00e9lina T. Laplante<br \/>\nWindsor, Qc<br \/>\nEstelle Th\u00e9rien<br \/>\nMontr\u00e9al, Qc<\/p>\n<p><em><strong>Board of Directors 1986 &#8211; 1987<\/strong><\/em><\/p>\n<p>L\u00e9o Therrien, President<br \/>\nNotre-Dame du Bon-Conseil, Qc<br \/>\nMathias Therrien, Vice-president<br \/>\nArtabaska, Qc<br \/>\nJean Therrien, Treasurer<br \/>\nAncienne-Lorette , Qc<br \/>\nRoland Therrien, Secretary<br \/>\nSainte-Foy, Qc<\/p>\n<p><em>Administrators<\/em><\/p>\n<p>Ang\u00e9lina T. Laplante<br \/>\nWindsor, Qc<br \/>\nCl\u00e9ment Therrien<br \/>\nSaint-Louis, Comt\u00e9 Richelieu, Qc<br \/>\nLionel Therrien<br \/>\nSherbrooke, Qc<br \/>\nGeorges Therrien<br \/>\nSaint-L\u00e9onard, Qc<br \/>\nGa\u00e9tan Therrien<br \/>\nSaint-Sylvestre, Qc<br \/>\nJean Therrien<br \/>\nMontr\u00e9al, Qc<br \/>\nJean Therrien<br \/>\nQu\u00e9bec, Qc<br \/>\nMichel Therrien<br \/>\nL\u00e9vis, Qc<\/p>\n<p><em><strong>Board of Directors 1987 &#8211; 1988<\/strong><\/em><\/p>\n<p>Leo Therrien, President<br \/>\nNotre-Dame du Bon-Conseil, Qc<br \/>\nGeorges Therrien, Vice-president<br \/>\nSaint-L\u00e9onard, Qc<br \/>\nJocelyne Therrien, Treasurer<br \/>\nQu\u00e9bec, Qc<br \/>\nJacques Therrien, Secretary<br \/>\nSherbrooke, Qc<\/p>\n<p><em>Administrators<\/em><\/p>\n<p>Cl\u00e9ment Therrien<br \/>\nVaudreuil, Qc<br \/>\nLaurence Therrien<br \/>\nSainte-Foy, Qc<br \/>\nLionel Therrien<br \/>\nSherbrooke, Qc<br \/>\nRoland Therrien<br \/>\nSainte-Foy, Qc<\/p>\n<p><em><strong>Board of Directors 1988 &#8211; 1989<\/strong><\/em><\/p>\n<p>L\u00e9o Therrien, President<br \/>\nNotre-Dame du Bon-Conseil, Qc<br \/>\nGeorges Therrien , Vice-president<br \/>\nSaint- L\u00e9onard, Qc<br \/>\nL\u00e9o-Paul Therrien, Treasurer<br \/>\nRichmond, Qc<br \/>\nJacques Therrien , Secretary<br \/>\nSherbrooke, Qc<\/p>\n<p><em>Administrators<\/em><\/p>\n<p>Louise T\u00eatu<br \/>\nSaint-Agapit, Qc<br \/>\nJeannelle Therrien<br \/>\nLachine, Qc<br \/>\nGuy Th\u00e9rien<br \/>\nSaint-Janvier, Mirabel, Qc<br \/>\nRaymond Therrien<br \/>\nSaint-Hyacinthe, Qc<br \/>\nRoland Therrien<br \/>\nSainte-Foy, Qc<\/p>\n<p><em><strong>Board of Directors 1989 &#8211; 1990<\/strong><\/em><\/p>\n<p>L\u00e9o Therrien, President<br \/>\nNotre-Dame du Bon-Conseil, Qc<br \/>\nAline Therrien, Vice-president<br \/>\nSainte-Perp\u00e9tue, Qc<br \/>\nJacques Therrien, Secretary<br \/>\nSherbrooke, Qc<br \/>\nClaude Therrien, Secretary<br \/>\nDouville, Saint-Hyacinthe, Qc<br \/>\nL\u00e9opold Therrien, Treasurer<br \/>\nRichmond, Qc<\/p>\n<p><em>Administrators<\/em><\/p>\n<p>Alphonse Therrien<br \/>\nSaint-F\u00e9licien, Qc<br \/>\nL\u00e9o-PauI Therrien<br \/>\nSainte-Jovite, Qc<br \/>\nJeannette Therrien<br \/>\nLachine, Qc<br \/>\nRejent Therrien<br \/>\nBeloeil, Qc<br \/>\nG\u00e9rard Therrien<br \/>\nSaint-Janvier, Mirabel, Qc<br \/>\nRen\u00e9 Th\u00e9rien<br \/>\nSaint-Hyacinthe, Qc<br \/>\nAndr\u00e9 Therrien<br \/>\nAlouette, Qc<br \/>\nL\u00e9on Therrien<br \/>\nWindsor, Qc<\/p>\n<p><em><strong>Board of Directors 1990 &#8211; 1991<\/strong><\/em><\/p>\n<p>L\u00e9o Therrien, President<br \/>\nNotre-Dame du Bon-Conseil, Qc<br \/>\nAline Therrien, Vice-president<br \/>\nSainte-Perp\u00e9tue, Qc<br \/>\nClaude Therrien, Secretary<br \/>\nDouville, Saint-Hyacinthe, Qc<br \/>\nL\u00e9opold Therrien, Treasurer<br \/>\nRichmond, Qc<\/p>\n<p><em>Administrators<\/em><\/p>\n<p>Alphonse Therrien<br \/>\nSaint-F\u00e9licien, Qc<br \/>\nG\u00e9rard Therrien<br \/>\nSaint-Janvier, Mirabel, Qc<br \/>\nRen\u00e9 Th\u00e9rien<br \/>\nSaint-Hyacinthe, Qc<br \/>\nAndr\u00e9 Therrien<br \/>\nAlouette, Qc<br \/>\nL\u00e9on Therrien<br \/>\nWindsor, Qc<\/p>\n<p><em><strong>Board of Directors 1991 &#8211; 1992<\/strong><\/em><\/p>\n<p>L\u00e9o Therrien, President<br \/>\nNotre-Dame du Bon-Conseil, Qc<br \/>\nAline Therrien, Vice-president<br \/>\nSainte-Perp\u00e9tue, Qc<br \/>\nClaude Therrien, Secretary<br \/>\nDouville, Saint-Hyacinthe, Qc<br \/>\nL\u00e9opold Therrien, Treasurer<br \/>\nRichmond, Qc<\/p>\n<p><em>Administrators<\/em><\/p>\n<p>Jacques Therrien<br \/>\nLacadie, Qc<br \/>\nG\u00e9rard Th\u00e9rien<br \/>\nSaint-Janvier, Mirabel, Qc<br \/>\nRen\u00e9 Therrien<br \/>\nSaint-Hyacinthe, Qc<br \/>\nL\u00e9o Th\u00e9rien<br \/>\nRawdon, Qc<br \/>\nL\u00e9on Therrien<br \/>\nSaint-Claude, Qc<\/p>\n<p><em><strong>Board of Directors 1992 &#8211; 1993<\/strong><\/em><\/p>\n<p>L\u00e9o Therrien, President<br \/>\nNotre-Dame du Bon-Conseil, Qc<br \/>\nAline Therrien, Vice-president<br \/>\nSainte-Perp\u00e9tue, Qc<br \/>\nRoger Therrien, Secretary<br \/>\nSainte-Beatrix, Qc<br \/>\nL\u00e9opold Therrien, Treasurer<br \/>\nRichmond, Qc<\/p>\n<p><em>Administrators<\/em><\/p>\n<p>Robert Therrien<br \/>\nMontr\u00e9al, Qc<br \/>\nJeannette Therrien<br \/>\nLachine, Qc<br \/>\nJacques Therrien<br \/>\nL\u2019Acadie, Qc<br \/>\nL\u00e9o Th\u00e9rien<br \/>\nRawdon, Qc<br \/>\nG\u00e9rard Th\u00e9rien<br \/>\nSaint-Janvier, Mirabel, Qc<\/p>\n<p><em><strong>Board of Directors 1993 &#8211; 1994<\/strong><\/em><\/p>\n<p>L\u00e9o Therrien, President<br \/>\nNotre-Dame du Bon-Conseil, Qc<br \/>\nAline Therrien, Vice-president<br \/>\nSainte-Perp\u00e9tue, Qc<br \/>\nRoger Therrien, Secretary<br \/>\nSainte-Beatrix, Qc<br \/>\nL\u00e9opold Therrien, Treasurer<br \/>\nRichmond, Qc<br \/>\nLise B\u00e9dard, Treasurer<br \/>\nSainte-Beatrix, Qc<\/p>\n<p><em>Administrators<\/em><\/p>\n<p>Robert Therrien<br \/>\nMontr\u00e9al, Qc<br \/>\nJeannette Therrien<br \/>\nLachine, Qc<br \/>\nJacques Therrien<br \/>\nL\u2019Acadie, Qc<br \/>\nL\u00e9o Th\u00e9rien<br \/>\nRawdon, Qc<br \/>\nG\u00e9rard Th\u00e9rien<br \/>\nSaint-Janvier, Mirabel, Qc<br \/>\nPatricia Therrien<br \/>\nGatineau, Qc<br \/>\n\u00c9douard Therrien<br \/>\nGatineau, Qc<\/p>\n<p><em><strong>Board of Directors 1994 &#8211; 1995<\/strong><\/em><\/p>\n<p>L\u00e9o Therrien, President<br \/>\nNotre-Dame du Bon-Conseil, Qc<br \/>\nG\u00e9rard Th\u00e9rien, 1er Vice-president<br \/>\nSaint-Janvier, Mirabel, Qc<br \/>\nL\u00e9o Th\u00e9rien, 2e Vice-president<br \/>\nRawdon, Qc<br \/>\nRoger Therrien, Secretary<br \/>\nSainte-Beatrix, Qc<br \/>\nLise B\u00e9dard (Therrien), Treasurer<br \/>\nSainte-Beatrix, Qc<\/p>\n<p><em>Administrators<\/em><\/p>\n<p>Robert Therrien<br \/>\nMontr\u00e9al, Qc<br \/>\nJeannette Therrien<br \/>\nLachine, Qc<br \/>\nPatricia Therrien<br \/>\nGatineau, Qc<br \/>\n\u00c9douard Therrien<br \/>\nGatineau, Qc<br \/>\nTh\u00e9odore Therrien<br \/>\nAzilda, On<\/p>\n<p><em><strong>Board of Directors 1995 &#8211; 1996<\/strong><\/em><\/p>\n<p>L\u00e9o Therrien, President<br \/>\nNotre-Dame du Bon-Conseil, Qc<br \/>\nG\u00e9rard Th\u00e9rien, 1er Vice-president<br \/>\nSaint-Janvier, Mirabel, Qc<br \/>\nL\u00e9o Th\u00e9rien, 2e Vice-president<br \/>\nRawdon, Qc<br \/>\nRoger Therrien, Secretary<br \/>\nSainte-Beatrix, Qc<br \/>\nLise B\u00e9dard (Therrien), Treasurer<br \/>\nSainte-Beatrix, Qc<\/p>\n<p><em>Administrators<\/em><\/p>\n<p>Robert Therrien<br \/>\nMontr\u00e9al, Qc<br \/>\nL\u00e9o-Paul Therrien<br \/>\nSaint-Jovite, Qc<br \/>\n\u00c9milien Therrien<br \/>\nAlymer, Qc<br \/>\n\u00c9douard Therrien<br \/>\nGatineau, Qc<br \/>\nTh\u00e9odore Therrien<br \/>\nAzilda, On<\/p>\n<p><em><strong>Board of Directors 1996 &#8211; 1997<\/strong><\/em><\/p>\n<p>L\u00e9o Therrien, President<br \/>\nNotre-Dame du Bon-Conseil, Qc<br \/>\nG\u00e9rard Th\u00e9rien, 1er Vice-president<br \/>\nSaint-Janvier, Mirabel, Qc<br \/>\nL\u00e9o Th\u00e9rien, 2e Vice-president<br \/>\nRawdon, Qc<br \/>\nRoger Therrien, Secretary<br \/>\nSainte-Beatrix, Qc<br \/>\nLise B\u00e9dard (Therrien), Treasurer<br \/>\nSainte-Beatrix, Qc<\/p>\n<p><em>Administrators<\/em><\/p>\n<p>Robert Therrien<br \/>\nMontr\u00e9al, Qc<br \/>\nL\u00e9o-Paul Therrien<br \/>\nSaint-Jovite, Qc<br \/>\n\u00c9milien Therrien<br \/>\nAlymer, Qc<br \/>\n\u00c9douard Therrien<br \/>\nGatineau, Qc<br \/>\nTh\u00e9odore Therrien<br \/>\nAzilda, On<br \/>\nMarguerite Therrien<br \/>\nSainte-Julienne, Qc<\/p>\n<p><em><strong>Board of Directors 1997 &#8211; 1998<\/strong><\/em><\/p>\n<p>L\u00e9o Therrien, President<br \/>\nNotre-Dame du Bon-Conseil, Qc<br \/>\nG\u00e9rard Th\u00e9rien, 1er Vice-president<br \/>\nSaint-Janvier, Mirabel, Qc<br \/>\nL\u00e9o Th\u00e9rien, 2e Vice-president<br \/>\nRawdon, Qc<br \/>\nRoger Therrien, Secretary<br \/>\nSainte-Beatrix, Qc<br \/>\nLise B\u00e9dard (Therrien), Treasurer<br \/>\nSainte-Beatrix, Qc<\/p>\n<p><em>Administrators<\/em><\/p>\n<p>Robert Therrien<br \/>\nMontr\u00e9al, Qc<br \/>\nL\u00e9o-Paul Therrien<br \/>\nSaint-Jovite, Qc<br \/>\n\u00c9milien Therrien<br \/>\nAlymer, Qc<br \/>\n\u00c9douard Therrien<br \/>\nGatineau, Qc<br \/>\nTh\u00e9odore Therrien<br \/>\nAzilda, On<br \/>\nMarguerite Therrien<br \/>\nSainte-Julienne, Qc<\/p>\n<p><em><strong>Board of Directors 1998 &#8211; 1999<\/strong><\/em><\/p>\n<p>L\u00e9o Therrien, President<br \/>\nNotre-Dame du Bon-Conseil, Qc<br \/>\nG\u00e9rard Th\u00e9rien, Vice-president<br \/>\nSaint-Janvier, Mirabel, Qc<br \/>\nRoger Therrien, Treasurer<br \/>\nSainte-Beatrix, Qc<br \/>\nMarguerite Therrien, Secretary<br \/>\nSainte-Julienne, Qc<\/p>\n<p><em>Administrators<\/em><\/p>\n<p>Robert Therrien<br \/>\nMontr\u00e9al, Qc<br \/>\nL\u00e9o-Paul Therrien<br \/>\nSaint-Jovite, Qc<br \/>\n\u00c9douard Therrien<br \/>\nGatineau, Qc<br \/>\nTh\u00e9odore Therrien<br \/>\nAzilda, On<br \/>\nL\u00e9o Th\u00e9rien<br \/>\nRawdon, Qc<\/p>\n<p><em><strong>Board of Directors 1999 &#8211; 2000<\/strong><\/em><\/p>\n<p>L\u00e9o Therrien, President<br \/>\nNotre-Dame du Bon-Conseil, Qc<br \/>\nG\u00e9rard Th\u00e9rien, Vice-president<br \/>\nSaint-Janvier, Mirabel, Qc<br \/>\nRoger Therrien, Treasurer<br \/>\nSainte-Beatrix, Qc<br \/>\nMarguerite Therrien, Secretary<br \/>\nSainte-Julienne, Qc<br \/>\nDiane Therrien, Secretary<br \/>\nLe Gardeur, Qc<\/p>\n<p><em>Administrators<\/em><\/p>\n<p>Robert Therrien<br \/>\nMontr\u00e9al, Qc<br \/>\nL\u00e9o-Paul Therrien<br \/>\nSaint-Jovite, Qc<br \/>\n\u00c9douard Therrien<br \/>\nGatineau, Qc<br \/>\nTh\u00e9odore Therrien<br \/>\nAzilda, On<br \/>\nL\u00e9o Th\u00e9rien<br \/>\nRawdon, Qc<\/p>\n<p><em><strong>Board of Directors 2000 &#8211; 2001<\/strong><\/em><\/p>\n<p>L\u00e9o Therrien, President<br \/>\nNotre-Dame du Bon-Conseil, Qc<br \/>\nG\u00e9rard Th\u00e9rien, 1er Vice-president<br \/>\nSaint-Janvier, Mirabel, Qc<br \/>\nTh\u00e9odore Therrien, 2e Vice-president<br \/>\nAzilda, On<br \/>\nRoger Therrien, Treasurer<br \/>\nSainte-Beatrix, Qc<br \/>\nDiane Therrien, Secretary<br \/>\nLe Gardeur, Qc<\/p>\n<p><em>Administrators<\/em><\/p>\n<p>Robert Therrien<br \/>\nMontr\u00e9al, Qc<br \/>\nL\u00e9o-Paul Therrien<br \/>\nSaint-Jovite, Qc<br \/>\n\u00c9douard Therrien<br \/>\nGatineau, Qc<br \/>\nL\u00e9o Th\u00e9rien<br \/>\nRawdon, Qc<\/p>\n<p><em><strong>Board of Directors 2001 &#8211; 2002<\/strong><\/em><\/p>\n<p>L\u00e9o Therrien, President<br \/>\nNotre-Dame du Bon-Conseil, Qc<br \/>\nG\u00e9rard Th\u00e9rien, 1er Vice-president<br \/>\nSaint-Janvier, Mirabel, Qc<br \/>\nTh\u00e9odore Therrien, 2e Vice-president<br \/>\nAzilda, On<br \/>\nRoger Therrien, Treasurer<br \/>\nSainte-Beatrix, Qc<br \/>\nDiane Therrien, Secretary<br \/>\nLe Gardeur, Qc<\/p>\n<p><em>Administrators<\/em><\/p>\n<p>Robert Therrien<br \/>\nMontr\u00e9al, Qc<br \/>\nL\u00e9o-Paul Therrien<br \/>\nSaint-Jovite, Qc<br \/>\n\u00c9douard Therrien<br \/>\nGatineau, Qc<br \/>\nRolande Th\u00e9rien L\u00e9gar\u00e9<br \/>\nSainte-Rose, Laval, Qc<\/p>\n<p><em><strong>Board of Directors 2002 &#8211; 2003<\/strong><\/em><\/p>\n<p>L\u00e9o Therrien, President<br \/>\nNotre-Dame du Bon-Conseil, Qc<br \/>\nG\u00e9rard Th\u00e9rien, 1er Vice-president<br \/>\nSaint-Janvier, Mirabel, Qc<br \/>\nTh\u00e9odore Therrien, 2e Vice-president<br \/>\nAzilda, On<br \/>\nPierrette Therrien Fernet, Secretary<br \/>\nSherbrooke, Qc<br \/>\nDiane Therrien, Treasurer<br \/>\nLe Gardeur, Qc<\/p>\n<p><em>Administrators<\/em><\/p>\n<p>Robert Therrien<br \/>\nMontr\u00e9al, Qc<br \/>\nL\u00e9o-Paul Therrien<br \/>\nSaint-Jovite, Qc<br \/>\n\u00c9douard Therrien<br \/>\nGatineau, Qc<br \/>\nRolande Th\u00e9rien L\u00e9gar\u00e9<br \/>\nSainte-Rose, Laval, Qc<br \/>\nRoger Therrien<br \/>\nAnge-Gardien, Qc<\/p>\n<p><em><strong>Board of Directors 2003 &#8211; 2004<\/strong><\/em><\/p>\n<p>L\u00e9o Therrien, President<br \/>\nNotre-Dame du Bon-Conseil, Qc<br \/>\nG\u00e9rard Th\u00e9rien, 1er Vice-president<br \/>\nSaint-Janvier, Mirabel, Qc<br \/>\nTh\u00e9odore Therrien, 2e Vice-president<br \/>\nAzilda, On<br \/>\nPierrette Therrien Fernet, Secretary<br \/>\nSherbrooke, Qc<br \/>\nDiane Therrien, Treasurer<br \/>\nLe Gardeur, Qc<\/p>\n<p><em>Administrators<\/em><\/p>\n<p>Robert Therrien<br \/>\nMontr\u00e9al, Qc<br \/>\nL\u00e9o-Paul Therrien<br \/>\nSaint-Jovite, Qc<br \/>\n\u00c9douard Therrien<br \/>\nGatineau, Qc<br \/>\nRolande Th\u00e9rien L\u00e9gar\u00e9<br \/>\nSainte-Rose, Laval, Qc<br \/>\nRoger Therrien<br \/>\nAnge-Gardien, Qc<\/p>\n<p><em><strong>Board of Directors 2004 &#8211; 2005<\/strong><\/em><\/p>\n<p>L\u00e9o Therrien, President<br \/>\nNotre-Dame du Bon-Conseil, Qc<br \/>\nG\u00e9rard Th\u00e9rien, 1er Vice-president<br \/>\nSaint-Janvier, Mirabel, Qc<br \/>\nTh\u00e9odore Therrien, 2e Vice-president<br \/>\nAzilda, On<br \/>\nArmande Brooks, Secretary<br \/>\nChambly, Qc<br \/>\nRaymond Therrien, Treasurer<br \/>\nMontr\u00e9al, Qc<\/p>\n<p><em>Administrators<\/em><\/p>\n<p>Robert Therrien<br \/>\nMontr\u00e9al, Qc<br \/>\nL\u00e9o-Paul Therrien<br \/>\nSaint-Jovite, Qc<br \/>\n\u00c9douard Therrien<br \/>\nGatineau, Qc<br \/>\nRolande Th\u00e9rien L\u00e9gar\u00e9<br \/>\nSainte-Rose, Laval, Qc<br \/>\nClaude Therrien<br \/>\nChambly, Qc<\/p>\n<p><em><strong>Board of Directors 2005 &#8211; 2006<\/strong><\/em><\/p>\n<p>L\u00e9o Therrien, President<br \/>\nNotre-Dame du Bon-Conseil, Qc<br \/>\nG\u00e9rard Th\u00e9rien, 1er Vice-president<br \/>\nSaint-Janvier, Mirabel, Qc<br \/>\nTh\u00e9odore Therrien, 2e Vice-president<br \/>\nAzilda, On<br \/>\nArmande Brooks, Secretary<br \/>\nChambly, Qc<br \/>\nRaymond Therrien, Treasurer<br \/>\nMontr\u00e9al, Qc<\/p>\n<p><em>Administrators<\/em><\/p>\n<p>Robert Therrien<br \/>\nMontr\u00e9al, Qc<br \/>\nL\u00e9o-Paul Therrien<br \/>\nSaint-Jovite, Qc<br \/>\n\u00c9douard Therrien<br \/>\nGatineau, Qc<br \/>\nRolande Th\u00e9rien L\u00e9gar\u00e9<br \/>\nSainte-Rose, Laval, Qc<br \/>\nClaude Therrien<br \/>\nChambly, Qc<\/p>\n<p><em><strong>Board of Directors 2006 &#8211; 2007<\/strong><\/em><\/p>\n<p>L\u00e9o Therrien, President<br \/>\nNotre-Dame du Bon-Conseil, Qc<br \/>\nG\u00e9rard Th\u00e9rien, 1er Vice-president<br \/>\nSaint-Janvier, Mirabel, Qc<br \/>\nTh\u00e9odore Therrien, 2e Vice-president<br \/>\nAzilda, On<br \/>\nArmande Brooks, Secretary<br \/>\nChambly, Qc<br \/>\nRaymond Therrien, Treasurer<br \/>\nMontr\u00e9al, Qc<\/p>\n<p><em>Administrators<\/em><\/p>\n<p>Robert Therrien<br \/>\nMontr\u00e9al, Qc<br \/>\nL\u00e9o-Paul Therrien<br \/>\nSaint-Jovite, Qc<br \/>\n\u00c9douard Therrien<br \/>\nGatineau, Qc<br \/>\nRolande Th\u00e9rien L\u00e9gar\u00e9<br \/>\nSainte-Rose, Laval, Qc<br \/>\nClaude Therrien<br \/>\nChambly, Qc<\/p>\n<p><em><strong>Board of Directors 2007 &#8211; 2008<\/strong><\/em><\/p>\n<p>L\u00e9o Therrien, President<br \/>\nNotre-Dame du Bon-Conseil, Qc<br \/>\nG\u00e9rard Th\u00e9rien, 1er Vice-president<br \/>\nSaint-Janvier, Mirabel, Qc<br \/>\nL\u00e9o Paul Therrien, 2e Vice-president<br \/>\nSaint-J\u00e9r\u00f4me, Qc<br \/>\nArmande Brooks, Secretary<br \/>\nChambly, Qc<br \/>\nRolande Th\u00e9rien L\u00e9gar\u00e9, Treasurer<br \/>\nSainte-Rose, Laval, Qc<\/p>\n<p><em>Administrators<\/em><\/p>\n<p>\u00c9douard Therrien<br \/>\nGatineau, Qc<br \/>\nClaude Therrien<br \/>\nChambly, Qc<br \/>\nGinette Therrien<br \/>\nSainte-Sabine, Qc<\/p>\n<p><em><strong>Board of Directors 2008 &#8211; 2009<\/strong><\/em><\/p>\n<p>L\u00e9o Paul Therrien, President<br \/>\nSaint-J\u00e9r\u00f4me, Qc<br \/>\nG\u00e9rard Th\u00e9rien, 1er Vice-president<br \/>\nSaint-Janvier, Mirabel, Qc<br \/>\nGinette Therrien, 2e Vice-president<br \/>\nSainte-Sabine, Qc<br \/>\nTh\u00e9odore Therrien, 2e Vice-president<br \/>\nAzilda, On<br \/>\nMaurice L\u00e9gar\u00e9, Secretary<br \/>\nSainte-Rose, Laval, Qc<br \/>\nRolande Th\u00e9rien L\u00e9gar\u00e9, Treasurer<br \/>\nSainte-Rose, Laval, Qc<\/p>\n<p><em>Administrators<\/em><\/p>\n<p>\u00c9douard Therrien<br \/>\nGatineau, Qc<br \/>\nClaude Therrien<br \/>\nChambly, Qc<br \/>\nLise Dumoulin<br \/>\nSaint-Janvier, Mirabel, Qc<br \/>\nNicole Gu\u00e9nette<br \/>\nSaint-J\u00e9r\u00f4me, Qc<\/p>\n<p><em><strong>Board of Directors 2009 &#8211; 2010<\/strong><\/em><\/p>\n<p>L\u00e9o Paul Therrien, President<br \/>\nSaint-J\u00e9r\u00f4me, Qc<br \/>\nG\u00e9rard Th\u00e9rien, 1er Vice-president<br \/>\nSaint-Janvier, Mirabel, Qc<br \/>\nTh\u00e9odore Therrien, 2e Vice-president<br \/>\nAzilda, On<br \/>\nMaurice L\u00e9gar\u00e9, Secretary<br \/>\nSainte-Rose, Laval, Qc<br \/>\nRolande Th\u00e9rien L\u00e9gar\u00e9, Treasurer<br \/>\nSainte-Rose, Laval, Qc<\/p>\n<p><em>Administrators<\/em><\/p>\n<p>\u00c9douard Therrien<br \/>\nGatineau, Qc<br \/>\nClaude Therrien<br \/>\nChambly, Qc<br \/>\nNicole Gu\u00e9nette<br \/>\nSaint-J\u00e9r\u00f4me, Qc<br \/>\nPierrette Therrien Fernet<br \/>\nSherbrooke, Qc<\/p>\n<p><em><strong>Board of Directors 2010 &#8211; 2011<\/strong><\/em><\/p>\n<p>Armande Brooks, President<br \/>\nChambly, Qc<br \/>\nG\u00e9rard Th\u00e9rien, Vice-president<br \/>\nSaint-Janvier, Mirabel, Qc<br \/>\nMaurice L\u00e9gar\u00e9, Secretary<br \/>\nSainte-Rose, Laval, Qc<br \/>\nRolande Th\u00e9rien L\u00e9gar\u00e9, Treasurer<br \/>\nSainte-Rose, Laval, Qc<\/p>\n<p><em>Administrators<\/em><\/p>\n<p>Th\u00e9odore Therrien<br \/>\nAzilda, On<br \/>\n\u00c9douard Therrien<br \/>\nGatineau, Qc<br \/>\nGinette Therrien<br \/>\nSainte-Sabine, Qc<br \/>\nNancy Therrien<br \/>\nSaint-Christophe d\u2019Arthabaska, Qc<br \/>\nPierrette Therrien Fernet<br \/>\nSherbrooke, Qc<br \/>\nDaniel R. Therrien<br \/>\nLachenaie, Qc<\/p>\n<p><em><strong>Board of Directors 2011 &#8211; 2012<\/strong><\/em><\/p>\n<p>Armande Brooks, President<br \/>\nChambly, Qc<br \/>\nG\u00e9rard Th\u00e9rien, Vice-president<br \/>\nSaint-Janvier, Mirabel, Qc<br \/>\nMaurice L\u00e9gar\u00e9, Secretary<br \/>\nSainte-Rose, Laval, Qc<br \/>\nRolande Th\u00e9rien L\u00e9gar\u00e9, Treasurer<br \/>\nSainte-Rose, Laval, Qc<\/p>\n<p><em>Administrators<\/em><\/p>\n<p>Ginette Therrien<br \/>\nSainte-Sabine, Qc<br \/>\nNancy Therrien<br \/>\nSaint-Christophe d\u2019Arthabaska, Qc<br \/>\nPierrette Therrien Fernet<br \/>\nSherbrooke, Qc<br \/>\nTh\u00e9rien Sylvain<br \/>\nSainte-Th\u00e9r\u00e8se, Qc<br \/>\nLyne Alie<br \/>\nCantley, Qc<\/p>\n<p><em><strong>Board of Directors 2012 &#8211; 2013<\/strong><\/em><\/p>\n<p>Fran\u00e7ois Therrien, President<br \/>\nSaint-Jean sur Richelieu, Qc<br \/>\nG\u00e9rard Th\u00e9rien, Vice-president<br \/>\nSaint-Janvier, Mirabel, Qc<br \/>\nMaurice L\u00e9gar\u00e9, Secretary<br \/>\nSainte-Rose, Laval, Qc<br \/>\nRolande Th\u00e9rien L\u00e9gar\u00e9, Treasurer<br \/>\nSainte-Rose, Laval, Qc<\/p>\n<p><em>Administrators<\/em><\/p>\n<p>Ginette Therrien<br \/>\nSainte-Sabine, Qc<br \/>\nNancy Therrien<br \/>\nSaint-Christophe d\u2019Arthabaska, Qc<br \/>\nPierrette Therrien Fernet<br \/>\nSherbrooke, Qc<br \/>\nTh\u00e9rien Sylvain<br \/>\nSainte-Th\u00e9r\u00e8se, Qc<br \/>\nLyne Alie<br \/>\nCantley, Qc<\/p>\n<p><em><strong>Board of Directors 2013 &#8211; 2014<\/strong><\/em><\/p>\n<p>Fran\u00e7ois Therrien, President<br \/>\nSaint-Jean sur Richelieu, Qc<br \/>\nTh\u00e9rien Sylvain, Vice-president<br \/>\nSainte-Th\u00e9r\u00e8se, Qc<br \/>\nLyne Alie, Secretary<br \/>\nCantley, Qc<br \/>\nRolande Th\u00e9rien L\u00e9gar\u00e9, Treasurer<br \/>\nSainte-Rose, Laval, Qc<\/p>\n<p><em>Administrators<\/em><\/p>\n<p>Nancy Therrien<br \/>\nSaint-Christophe d\u2019Arthabaska, Qc<br \/>\nPierrette Therrien Fernet<br \/>\nSherbrooke, Qc<br \/>\nMichael DeConti<br \/>\nWest Harford, CT, USA<br \/>\nGary Therrien<br \/>\nGlastonbury, CT, USA<br \/>\nG\u00e9rald Therrien<br \/>\nSaint-Basile, NB<\/p>\n<p><em><strong>Board of Directors 2014 &#8211; 2015<\/strong><\/em><\/p>\n<p>Fran\u00e7ois Therrien, President<br \/>\nSaint-Jean sur Richelieu, Qc<br \/>\nTh\u00e9rien Sylvain, Vice-president<br \/>\nSainte-Th\u00e9r\u00e8se, Qc<br \/>\nNancy Therrien, Secretary<br \/>\nSaint-Christophe d\u2019Arthabaska, Qc<br \/>\nPierrette Therrien Fernet, Treasurer<br \/>\nSherbrooke, Qc<\/p>\n<p><em>Administrators<\/em><\/p>\n<p>Michael DeConti<br \/>\nWest Harford, CT, USA<br \/>\nGary Therrien<br \/>\nGlastonbury, CT, USA<br \/>\nG\u00e9rald Therrien<br \/>\nSaint-Basile, NB<\/p>\n<p><em><strong>Board of Directors 2015 &#8211; 2016<\/strong><\/em><\/p>\n<p>Fran\u00e7ois Therrien, President<br \/>\nSaint-Jean sur Richelieu, Qc<br \/>\nVacant, Vice-president<br \/>\nNancy Therrien, Secretary<br \/>\nSaint-Christophe d\u2019Arthabaska, Qc<br \/>\nPierrette Therrien Fernet, Treasurer<br \/>\nSherbrooke, Qc<\/p>\n<p><em>Administrators<\/em><\/p>\n<p>Michael DeConti<br \/>\nWest Harford, CT, USA<br \/>\nGary Therrien<br \/>\nGlastonbury, CT, USA<br \/>\nG\u00e9rald Therrien<br \/>\nSaint-Basile, NB<br \/>\nDianne Therrien<br \/>\nEdmonton, AB<\/p>\n<p><em><strong>Board of Directors 2016 &#8211; 2017<\/strong><\/em><\/p>\n<p>Danielle Therrien, President<br \/>\nIsle-aux-Grues, Qc<br \/>\nGary Therrien, Vice-president<br \/>\nGlastonbury, CT, USA<br \/>\nG\u00e9rald Therrien, Secretary<br \/>\nSaint-Basile, NB<br \/>\nPierrette Therrien Fernet, Treasurer<br \/>\nSherbrooke, Qc<\/p>\n<p><em>Administrators<\/em><\/p>\n<p>Michael DeConti<br \/>\nWest Harford, CT, USA<br \/>\nNancy Therrien<br \/>\nSaint-Christophe d\u2019Arthabaska, Qc<br \/>\nJean-Marc Th\u00e9rien<br \/>\nSt-Janvier de Mirabel, Qc<br \/>\nCamille Picard<br \/>\nSherbrooke, Qc<br \/>\nAlan Fitzgerald<br \/>\nChevy Chase, MD, USA<\/p>\n<p><em><strong>Board of Directors 2017 &#8211; 2018<\/strong><\/em><\/p>\n<p>Vacant, President<\/p>\n<p>Gary Therrien, Vice-president<br \/>\nGlastonbury, CT, USA<br \/>\nPierrette Therrien Fernet, Secretary<br \/>\nSherbrooke, Qc<br \/>\nPierrette Therrien Fernet, Treasurer<br \/>\nSherbrooke, Qc<\/p>\n<p><em>Administrators<\/em><\/p>\n<p>Michael DeConti<br \/>\nWest Harford, CT, USA<br \/>\nNancy Therrien<br \/>\nSaint-Christophe d\u2019Arthabaska, Qc<br \/>\nJean-Marc Th\u00e9rien<br \/>\nSt-Janvier de Mirabel, Qc<br \/>\nCamille Picard<br \/>\nSherbrooke, Qc<br \/>\nAlan Fitzgerald<br \/>\nChevy Chase, MD, USA<\/p>\n<p><em><strong>Board of Directors 2018 &#8211; 2019<\/strong><\/em><\/p>\n<p>Nancy Therrien, President<br \/>\nWeedon, Qc, Ca<br \/>\nGary Therrien, Vice-president<br \/>\nGlastonbury, CT, USA<br \/>\nSophie Therrien, Administrative agent<br \/>\nMontr\u00e9al, Qc, Ca<br \/>\nGilles Therrien, Treasurer<br \/>\nVictoriaville, Qc, Ca<\/p>\n<p><em>Administrators<\/em><\/p>\n<p>Michael DeConti<br \/>\nFarmington, CT, USA<br \/>\nGaetan Saucier<br \/>\nQuebec, Qc, Ca<br \/>\nJean-Marc Therien<br \/>\nSt-Janvier de Mirabel, Qc, Ca<br \/>\nLyne Alie<br \/>\nCantley, Qc, Ca<br \/>\nAlan Fitzgerald<br \/>\nChevy Chase, MD, USA<\/p>\n<p><em><strong>Board of Directors 2019 &#8211; 2020 and 2020-2021<\/strong><\/em><\/p>\n<p>Nancy Therrien, President<br \/>\nWeedon, Qc, Ca<br \/>\nGary Therrien, Vice-president<br \/>\nGlastonbury, CT, USA<br \/>\nSophie Therrien, Administrative agent<br \/>\nMontr\u00e9al, Qc, Ca<br \/>\nGilles Therrien, Treasurer<br \/>\nVictoriaville, Qc, Ca<\/p>\n<p><em>Administrators<\/em><\/p>\n<p>Michael DeConti<br \/>\nFarmington, CT, USA<br \/>\nGaetan Saucier<br \/>\nQuebec, Qc, Ca<br \/>\nAnnie Therrien<br \/>\nFarnham, Qc, Ca<br \/>\nLyne Alie<br \/>\nCantley, Qc, Ca<br \/>\nTheresa Therrien-Martinez-Stewart<br \/>\nSierra Vista, AZ, USA<\/p>","protected":false},"excerpt":{"rendered":"<p>You will find below the list of members who participated in one or more of our 30 Boards of Directors. These members made their appreciated involvement as volunteer, helping to serve the cause of the Association and to do something &hellip; <a href=\"https:\/\/therrien.org\/en\/lassociation\/conseil-dadministration\/passe\/\">Continue reading <span class=\"meta-nav\">&rarr;<\/span><\/a><\/p>\n","protected":false},"author":3,"featured_media":0,"parent":55,"menu_order":1,"comment_status":"closed","ping_status":"closed","template":"","meta":{"ngg_post_thumbnail":0,"footnotes":""},"class_list":["post-675","page","type-page","status-publish","hentry"],"aioseo_notices":[],"_links":{"self":[{"href":"https:\/\/therrien.org\/en\/wp-json\/wp\/v2\/pages\/675","targetHints":{"allow":["GET"]}}],"collection":[{"href":"https:\/\/therrien.org\/en\/wp-json\/wp\/v2\/pages"}],"about":[{"href":"https:\/\/therrien.org\/en\/wp-json\/wp\/v2\/types\/page"}],"author":[{"embeddable":true,"href":"https:\/\/therrien.org\/en\/wp-json\/wp\/v2\/users\/3"}],"replies":[{"embeddable":true,"href":"https:\/\/therrien.org\/en\/wp-json\/wp\/v2\/comments?post=675"}],"version-history":[{"count":18,"href":"https:\/\/therrien.org\/en\/wp-json\/wp\/v2\/pages\/675\/revisions"}],"predecessor-version":[{"id":2512,"href":"https:\/\/therrien.org\/en\/wp-json\/wp\/v2\/pages\/675\/revisions\/2512"}],"up":[{"embeddable":true,"href":"https:\/\/therrien.org\/en\/wp-json\/wp\/v2\/pages\/55"}],"wp:attachment":[{"href":"https:\/\/therrien.org\/en\/wp-json\/wp\/v2\/media?parent=675"}],"curies":[{"name":"wp","href":"https:\/\/api.w.org\/{rel}","templated":true}]}}