{"id":153,"date":"2011-09-02T18:05:02","date_gmt":"2011-09-02T22:05:02","guid":{"rendered":"https:\/\/therrien.org\/?page_id=153"},"modified":"2012-05-08T13:32:01","modified_gmt":"2012-05-08T17:32:01","slug":"collaborateurs","status":"publish","type":"page","link":"https:\/\/therrien.org\/fr\/lassociation\/collaborateurs\/","title":{"rendered":"Collaborateurs"},"content":{"rendered":"<p><\/p>\n<p style=\"text-align: justify;\">Voici la liste des collaborateurs de l&rsquo;association contribuant aux activit\u00e9s suivantes : Archives, photographies, \u00e9dition du bulletin de liaison, site internet, v\u00e9rification, g\u00e9n\u00e9alogie, n\u00e9crologie, organisation d\u2019\u00e9v\u00e9nements et traduction.<\/p>\n<p style=\"text-align: justify;\">Contributeur : Th\u00e9odore J. Therrien<br \/>\nAzilda, On<br \/>\n<img loading=\"lazy\" decoding=\"async\" title=\"Courriel\" src=\"https:\/\/therrien.org\/wp-content\/uploads\/2011\/08\/E_mail_Icon_32.png\" alt=\"\" width=\"20\" height=\"20\" \/> <a href=\"mailto:ttherrien@primus.ca\">ttherrien@primus.ca<\/a><\/p>\n<p style=\"text-align: justify;\">Contributeur : Roger Therrien <em>G\u00e9n\u00e9alogiste et auteur<\/em><br \/>\nSaint-Hubert, Qc<br \/>\n<img loading=\"lazy\" decoding=\"async\" title=\"Courriel\" src=\"https:\/\/therrien.org\/wp-content\/uploads\/2011\/08\/E_mail_Icon_32.png\" alt=\"\" width=\"20\" height=\"20\" \/> <a href=\"mailto:rogertherrien4@videotron.ca\" target=\"_blank\">rogertherrien4@videotron.ca<\/a><\/p>\n<p style=\"text-align: justify;\">Contributeur : \u00c9douard Th\u00e9rien<br \/>\nGatineau, Qc<br \/>\n<img loading=\"lazy\" decoding=\"async\" title=\"Courriel\" src=\"https:\/\/therrien.org\/wp-content\/uploads\/2011\/08\/E_mail_Icon_32.png\" alt=\"\" width=\"20\" height=\"20\" \/> <a href=\"mailto:ed450@hotmail.com\">ed450@hotmail.com<\/a><\/p>\n<p style=\"text-align: justify;\">Contributrice : Marie-Jos\u00e9e Therrien<br \/>\nJonqui\u00e8re, Qc<br \/>\n<img loading=\"lazy\" decoding=\"async\" title=\"Courriel\" src=\"https:\/\/therrien.org\/wp-content\/uploads\/2011\/08\/E_mail_Icon_32.png\" alt=\"\" width=\"20\" height=\"20\" \/> <a href=\"mailto:mariejosee@videotron.ca\">mariejosee@videotron.ca<\/a><\/p>\n<p><\/p>","protected":false},"excerpt":{"rendered":"<p>Voici la liste des collaborateurs de l&rsquo;association contribuant aux activit\u00e9s suivantes : Archives, photographies, \u00e9dition du bulletin de liaison, site internet, v\u00e9rification, g\u00e9n\u00e9alogie, n\u00e9crologie, organisation d\u2019\u00e9v\u00e9nements et traduction. Contributeur : Th\u00e9odore J. Therrien Azilda, On ttherrien@primus.ca Contributeur : Roger Therrien &hellip; <a href=\"https:\/\/therrien.org\/fr\/lassociation\/collaborateurs\/\">Continuer la lecture <span class=\"meta-nav\">&rarr;<\/span><\/a><\/p>\n","protected":false},"author":3,"featured_media":0,"parent":140,"menu_order":4,"comment_status":"closed","ping_status":"closed","template":"","meta":{"ngg_post_thumbnail":0,"footnotes":""},"class_list":["post-153","page","type-page","status-publish","hentry"],"aioseo_notices":[],"_links":{"self":[{"href":"https:\/\/therrien.org\/fr\/wp-json\/wp\/v2\/pages\/153","targetHints":{"allow":["GET"]}}],"collection":[{"href":"https:\/\/therrien.org\/fr\/wp-json\/wp\/v2\/pages"}],"about":[{"href":"https:\/\/therrien.org\/fr\/wp-json\/wp\/v2\/types\/page"}],"author":[{"embeddable":true,"href":"https:\/\/therrien.org\/fr\/wp-json\/wp\/v2\/users\/3"}],"replies":[{"embeddable":true,"href":"https:\/\/therrien.org\/fr\/wp-json\/wp\/v2\/comments?post=153"}],"version-history":[{"count":14,"href":"https:\/\/therrien.org\/fr\/wp-json\/wp\/v2\/pages\/153\/revisions"}],"predecessor-version":[{"id":289,"href":"https:\/\/therrien.org\/fr\/wp-json\/wp\/v2\/pages\/153\/revisions\/289"}],"up":[{"embeddable":true,"href":"https:\/\/therrien.org\/fr\/wp-json\/wp\/v2\/pages\/140"}],"wp:attachment":[{"href":"https:\/\/therrien.org\/fr\/wp-json\/wp\/v2\/media?parent=153"}],"curies":[{"name":"wp","href":"https:\/\/api.w.org\/{rel}","templated":true}]}}