{"id":156,"date":"2011-09-02T18:08:04","date_gmt":"2011-09-02T22:08:04","guid":{"rendered":"https:\/\/therrien.org\/?page_id=156"},"modified":"2011-11-29T09:29:28","modified_gmt":"2011-11-29T14:29:28","slug":"modes-de-financement","status":"publish","type":"page","link":"https:\/\/therrien.org\/fr\/lassociation\/modes-de-financement\/","title":{"rendered":"Modes de financement"},"content":{"rendered":"<p><\/p>\n<p style=\"text-align: justify;\">Le financement des activit\u00e9s de l&rsquo;association s&rsquo;effectue gr\u00e2ce aux moyens de financement suivants.<\/p>\n<ul style=\"text-align: justify;\">\n<li>La cotisation des membres;<\/li>\n<li>La publicit\u00e9 dans le bulletin de liaison \u00ab\u00a0Le Terrien \u00bb;<\/li>\n<li>Les dons.<\/li>\n<\/ul>\n<p style=\"text-align: justify;\"><strong>Cotisation des membres<\/strong><\/p>\n<p style=\"text-align: justify;\">C\u2019est en grande partie en acquittant leur droit d\u2019adh\u00e9sion que chaque membre s\u2019assure de financer ad\u00e9quatement les diverses activit\u00e9s de l\u2019association. En vous r\u00e9f\u00e9rant \u00e0 la rubrique <a href=\"https:\/\/therrien.org\/fr\/lassociation\/devenir-membre\/\">Devenir membre<\/a>, votre trouverez de l\u2019information plus d\u00e9taill\u00e9e sur les types d\u2019adh\u00e9sion, leurs co\u00fbts ainsi que les conditions s\u2019y rattachant.<\/p>\n<p style=\"text-align: justify;\"><strong>Publicit\u00e9 dans le bulletin de liaison \u00ab\u00a0Le Terrien \u00bb<\/strong><\/p>\n<p style=\"text-align: justify;\">Le bulletin de liaison offre une excellente occasion aux annonceurs d\u2019effectuer une publicit\u00e9 aupr\u00e8s des membres de l\u2019association.<\/p>\n<p style=\"text-align: justify;\"><em>Vous poss\u00e9dez une entreprise, un commerce ou un bureau professionnel ?<\/em><\/p>\n<p style=\"text-align: justify;\"><em>Vous souhaitez faire la publicit\u00e9 ?<\/em><\/p>\n<p style=\"text-align: justify;\">Vous pouvez maintenant le faire dans le bulletin g\u00e9n\u00e9alogique. En plus de vous faire conna\u00eetre, vous contribuerez au financement de votre association. Le bulletin distribu\u00e9 aux membres est publi\u00e9 deux fois l\u2019an. Environ 400 copies pour chaque publication sont en circulation, car nous faisons aussi l\u2019\u00e9change avec plusieurs associations de famille. Des copies sont \u00e9galement distribu\u00e9es \u00e0 plusieurs biblioth\u00e8ques de g\u00e9n\u00e9alogie et de soci\u00e9t\u00e9 d\u2019histoire et aux centres d\u2019archives du Qu\u00e9bec. Nous constatons que plusieurs personnes lisent notre bulletin partout au Qu\u00e9bec, dans tout le Canada et m\u00eame en France et aux \u00c9tats-Unis.<\/p>\n<p style=\"text-align: justify;\">Les co\u00fbts ainsi que les conditions de publication sont d\u00e9crits ci-dessous :<\/p>\n<p style=\"text-align: justify;\">Publicit\u00e9 de 1\/8 de page \u00a0\u00a0 \u00a025,00$<br \/>\nPublicit\u00e9 de 1\/4 de page \u00a0\u00a0 \u00a045,00$<br \/>\nPublicit\u00e9 de 1\/2 page \u00a0\u00a0 \u00a0\u00a0\u00a0\u00a0\u00a0 65,00$<br \/>\nPublicit\u00e9 de 1 page \u00a0\u00a0 \u00a0\u00a0\u00a0 \u00a0\u00a0\u00a0\u00a0\u00a0 100,00$<\/p>\n<p style=\"text-align: justify;\">Pour de plus amples informations, communiquez avec l\u2019association par la poste \u00e0 l\u2019<a href=\"..\/fr\/pour-nous-joindre\/\">adresse de l\u2019Association<\/a>, ou par courrier \u00e9lectronique en utilisant l\u2019<a href=\"..\/fr\/pour-nous-joindre\/\">adresse \u00e9lectronique<\/a>.<\/p>\n<p style=\"text-align: justify;\"><strong>Dons<br \/>\n<\/strong><\/p>\n<p style=\"text-align: justify;\">Chaque membre ou ami peut effectuer tous types de dons \u00e0 l\u2019association. Ces dons, s\u2019ils sont en esp\u00e8ce, seront d\u00e9pos\u00e9s au fonds consolid\u00e9 de l&rsquo;association. S\u2019il s\u2019agit plut\u00f4t de dons de biens physiques, ils seront alors pr\u00e9serv\u00e9s par l\u2019association.<\/p>\n<p><\/p>","protected":false},"excerpt":{"rendered":"<p>Le financement des activit\u00e9s de l&rsquo;association s&rsquo;effectue gr\u00e2ce aux moyens de financement suivants. La cotisation des membres; La publicit\u00e9 dans le bulletin de liaison \u00ab\u00a0Le Terrien \u00bb; Les dons. Cotisation des membres C\u2019est en grande partie en acquittant leur droit &hellip; <a href=\"https:\/\/therrien.org\/fr\/lassociation\/modes-de-financement\/\">Continuer la lecture <span class=\"meta-nav\">&rarr;<\/span><\/a><\/p>\n","protected":false},"author":3,"featured_media":0,"parent":140,"menu_order":5,"comment_status":"closed","ping_status":"closed","template":"","meta":{"ngg_post_thumbnail":0,"footnotes":""},"class_list":["post-156","page","type-page","status-publish","hentry"],"aioseo_notices":[],"_links":{"self":[{"href":"https:\/\/therrien.org\/fr\/wp-json\/wp\/v2\/pages\/156","targetHints":{"allow":["GET"]}}],"collection":[{"href":"https:\/\/therrien.org\/fr\/wp-json\/wp\/v2\/pages"}],"about":[{"href":"https:\/\/therrien.org\/fr\/wp-json\/wp\/v2\/types\/page"}],"author":[{"embeddable":true,"href":"https:\/\/therrien.org\/fr\/wp-json\/wp\/v2\/users\/3"}],"replies":[{"embeddable":true,"href":"https:\/\/therrien.org\/fr\/wp-json\/wp\/v2\/comments?post=156"}],"version-history":[{"count":18,"href":"https:\/\/therrien.org\/fr\/wp-json\/wp\/v2\/pages\/156\/revisions"}],"predecessor-version":[{"id":524,"href":"https:\/\/therrien.org\/fr\/wp-json\/wp\/v2\/pages\/156\/revisions\/524"}],"up":[{"embeddable":true,"href":"https:\/\/therrien.org\/fr\/wp-json\/wp\/v2\/pages\/140"}],"wp:attachment":[{"href":"https:\/\/therrien.org\/fr\/wp-json\/wp\/v2\/media?parent=156"}],"curies":[{"name":"wp","href":"https:\/\/api.w.org\/{rel}","templated":true}]}}