{"id":158,"date":"2011-09-02T18:09:27","date_gmt":"2011-09-02T22:09:27","guid":{"rendered":"https:\/\/therrien.org\/?page_id=158"},"modified":"2012-09-19T16:33:33","modified_gmt":"2012-09-19T20:33:33","slug":"realisations","status":"publish","type":"page","link":"https:\/\/therrien.org\/fr\/lassociation\/realisations\/","title":{"rendered":"R\u00e9alisations"},"content":{"rendered":"<p><\/p>\n<p style=\"text-align: justify;\">Depuis sa cr\u00e9ation, l\u2019association a r\u00e9alis\u00e9e une multitude de projets. Entre autres, nous avons effectu\u00e9 trente ralliements dans divers endroits du Canada et des \u00c9tats-Unis. L\u2019association a aussi publi\u00e9 un bulletin de liaison deux fois l\u2019an depuis 1985. Des plaques comm\u00e9moratives ont aussi \u00e9t\u00e9 \u00e9rig\u00e9es par l\u2019association \u00e0 divers endroits historiques. Une fois l\u2019an, une r\u00e9union g\u00e9n\u00e9rale ouverte \u00e0 tous les membres s\u2019effectue afin que le conseil d\u2019administration puisse rendre rapport sur les activit\u00e9s de l\u2019association et lorsque les circonstances l\u2019exigent, une \u00e9lection des membres du conseil d\u2019administration s\u2019effectue. Finalement, l\u2019association a mis sur pied une banque de donn\u00e9es g\u00e9n\u00e9alogique.<\/p>\n<p style=\"text-align: justify;\"><strong>Rassemblement<\/strong><\/p>\n<p style=\"text-align: justify;\">Les ralliements suivants furent organis\u00e9es par l\u2019association :<\/p>\n<p style=\"text-align: justify;\"><code>[map kml=https:\/\/therrien.org\/wp-content\/uploads\/2011\/06\/Ralliements.kml maptype='OSM Cycle' <code>style=\"width:300px; height:500px;\"<\/code>]<\/code><\/p>\n<p style=\"text-align: justify;\">1983 &#8211; Premier ralliement &#8211; Drummondville, QC<br \/>\n1984 &#8211; Deuxi\u00e8me ralliement &#8211; Notre-Dame-du-Bon-Conseil, QC<br \/>\n1985 &#8211; Troisi\u00e8me ralliement &#8211; Notre-Dame-du-Bon-Conseil, QC<br \/>\n1986 &#8211; Quatri\u00e8me ralliement &#8211; St-Antoine de Tilly, QC<br \/>\n1987 &#8211; Cinqui\u00e8me ralliement &#8211; Qu\u00e9bec, QC<br \/>\n1988 &#8211; Sixi\u00e8me ralliement &#8211; St-Jude, QC<br \/>\n1989 &#8211; Septi\u00e8me ralliement &#8211; St-Janvier (Mirabel), QC<br \/>\n1990 &#8211;\u00a0Huiti\u00e8me ralliement &#8211; St-F\u00e9licien, QC<br \/>\n1991 &#8211;\u00a0Neuvi\u00e8me ralliement &#8211; St-Claude de Windsor, QC<br \/>\n1992 &#8211;\u00a0Dixi\u00e8me ralliement &#8211; Mont St-Gr\u00e9goire, QC<br \/>\n1993 &#8211;\u00a0Onzi\u00e8me ralliement &#8211; Rawdon, QC<br \/>\n1994 &#8211;\u00a0Douzi\u00e8me ralliement &#8211; Hull, QC<br \/>\n1995 &#8211;\u00a0Treizi\u00e8me ralliement &#8211; Ile d&rsquo;Orleans, QC<br \/>\n1996 &#8211;\u00a0Quatorzi\u00e8me ralliement &#8211; Sudbury, ON<br \/>\n1997 &#8211;\u00a0Quinzi\u00e8me ralliement &#8211; Trois-Rivi\u00e8res, QC<br \/>\n1998 &#8211;\u00a0Seizi\u00e8me ralliement &#8211; Ste-Anne des Monts, QC<br \/>\n1999 &#8211;\u00a0Dix-septi\u00e8me ralliement &#8211; Blackstone, MA, USA<br \/>\n2000 &#8211;\u00a0Dix-huiti\u00e8me ralliement &#8211; St-J\u00f4vite, QC<br \/>\n2001 &#8211;\u00a0Dix-neuvi\u00e8me ralliement &#8211; Windsor, ON<br \/>\n2002 &#8211;\u00a0Vingti\u00e8me ralliement &#8211; Terrebonne, QC<br \/>\n2003 &#8211;\u00a0Vingt et uni\u00e8me ralliement &#8211; St-Michel-de-Bellechasse, QC<br \/>\n<a title=\"Rassemblement 2004 \u00e0 Drummondville\" href=\"https:\/\/therrien.org\/fr\/2012\/09\/19\/rassemblement-2004-a-drummondville\/\"> 2004 &#8211;\u00a0Vingt-deuxi\u00e8me ralliement &#8211; Drummondville, QC<\/a><br \/>\n2005 &#8211;\u00a0Vingt-troisi\u00e8me ralliement &#8211; La Broquerie, Manitoba<br \/>\n2006 &#8211;\u00a0Vingt-quatri\u00e8me ralliement &#8211; Victoriaville, QC<br \/>\n2007 &#8211;\u00a0Vingt-cinqui\u00e8me ralliement &#8211; Ch\u00e2teau-Richer, QC<br \/>\n2008 &#8211;\u00a0Vingt-sixi\u00e8me ralliement &#8211; St-Paul d\u2019Abbotsford, QC<br \/>\n2009 &#8211;\u00a0Vingt-septi\u00e8me ralliement &#8211; West Hartford, CT<br \/>\n2010 &#8211;\u00a0Vingt-huiti\u00e8me ralliement &#8211; Ile d&rsquo;Orleans, QC<br \/>\n2011 &#8211; Vingt-neuvi\u00e8me ralliement &#8211; St-Eustache, QC<br \/>\n<a title=\"Rassemblement 2012 en Haute-Gatineau\" href=\"https:\/\/therrien.org\/fr\/2012\/08\/17\/rassemblement-2012-en-haute-gatineau\/\"> 2012 &#8211; Trenti\u00e8me ralliement &#8211; Haute-Gatineau, QC<\/a><\/p>\n<p style=\"text-align: justify;\"><strong>Bulletin de liaison<\/strong><\/p>\n<p style=\"text-align: justify;\">Ce n\u2019est qu\u2019un an apr\u00e8s sa cr\u00e9ation que l\u2019association a cr\u00e9\u00e9 son premier bulletin de liaison. Le bulletin, nomm\u00e9 \u00ab\u00a0Le Terrien\u00a0\u00bb est publi\u00e9 deux fois l\u2019an. Chaque bulletin est unique et \u00e9voque une partie de l\u2019histoire des membres de la grande famille Terrien. De plus, c\u2019est un des liens qui unit tous les membres de l&rsquo;Association. Le bulletin est achemin\u00e9 par courrier \u00e0 chaque membre ayant acquitt\u00e9 leur droit d\u2019adh\u00e9sion \u00e0 l\u2019Association. C\u2019est par l\u2019entremise du bulletin que les membres peuvent prendre connaissance des activit\u00e9s organis\u00e9es par l\u2019Association. C\u2019est aussi le moyen privil\u00e9gi\u00e9 pour r\u00e9unir et diffuser les r\u00e9sultats de la recherche sur les anc\u00eatres et l\u2019histoire des membres de nos familles.<\/p>\n<p style=\"text-align: justify;\">Toute personne int\u00e9ress\u00e9e peut participer \u00e0 sa r\u00e9daction et faire parvenir des articles par la poste \u00e0 l&rsquo;<a href=\"https:\/\/therrien.org\/fr\/pour-nous-joindre\/\">adresse de l&rsquo;Association<\/a>, ou par courrier \u00e9lectronique en utilisant l&rsquo;<a href=\"https:\/\/therrien.org\/fr\/pour-nous-joindre\/\">adresse \u00e9lectronique<\/a>.<\/p>\n<p style=\"text-align: justify;\">Pour plus d&rsquo;information sur nos bulletins, <a title=\"Bulletin Le Terrien\" href=\"https:\/\/therrien.org\/fr\/publications\/bulletin-genealogique-le-terrien\/\">cliquez ici<\/a>.<\/p>\n<p style=\"text-align: justify;\"><strong>Plaque comm\u00e9morative<\/strong><\/p>\n<p style=\"text-align: justify;\">Au travers le temps, plusieurs plaques comm\u00e9moratives ont \u00e9t\u00e9 \u00e9rig\u00e9es afin de comm\u00e9morer diff\u00e9rents lieux et faits historiques importants pour les membres de l\u2019association. Entre autres, on retrouve des plaques comm\u00e9moratives aux endroits suivants :<\/p>\n<ul style=\"text-align: justify;\">\n<li>Lachenaie;<\/li>\n<li>Trois-Rivi\u00e8res;<\/li>\n<li>Ile d\u2019orl\u00e9an.<\/li>\n<\/ul>\n<p style=\"text-align: justify;\"><code>[map kml=https:\/\/therrien.org\/wp-content\/uploads\/2011\/06\/Plaques_Commemoratives.kml maptype=satellite]<\/code><\/p>\n<p style=\"text-align: justify;\">Si vous passez par l\u2019un de ces endroits, n\u2019h\u00e9sitez pas \u00e0 arr\u00eater et y jeter un coup d\u2019\u0153il.<\/p>\n<p style=\"text-align: justify;\"><strong>R\u00e9union g\u00e9n\u00e9rale<\/strong><\/p>\n<p style=\"text-align: justify;\">Une fois l\u2019an, normalement au m\u00eame moment que le ralliement annuel, l\u2019association tient une r\u00e9union g\u00e9n\u00e9rale permettant au conseil d\u2019administration de rendre rapport sur les activit\u00e9s de l\u2019association. De plus, c\u2019est aussi lors de cette r\u00e9union qu\u2019une \u00e9lection des membres du conseil d\u2019administration s\u2019effectue, lorsque les circonstances l\u2019exigent. Cette r\u00e9union g\u00e9n\u00e9rale est accessible \u00e0 tous membres en r\u00e8gle de l\u2019association.<\/p>\n<p style=\"text-align: justify;\"><strong>Banque de donn\u00e9es g\u00e9n\u00e9alogique<\/strong><\/p>\n<p style=\"text-align: justify;\">L\u2019association a mis en place, gr\u00e2ce au travail acharn\u00e9 de quelques b\u00e9n\u00e9voles, une banque de donn\u00e9es g\u00e9n\u00e9alogique. Elle contient aujourd\u2019hui environ 141,000 individus, dont 8900 noms de famille distincts ainsi que quelque 58,500 familles. \u00c0 l\u2019aide de cette banque, l\u2019association offre un service d&rsquo;entraide g\u00e9n\u00e9alogique afin de permettre \u00e0 ses membres de retrouver leurs anc\u00eatres.<\/p>\n<p><\/p>","protected":false},"excerpt":{"rendered":"<p>Depuis sa cr\u00e9ation, l\u2019association a r\u00e9alis\u00e9e une multitude de projets. Entre autres, nous avons effectu\u00e9 trente ralliements dans divers endroits du Canada et des \u00c9tats-Unis. L\u2019association a aussi publi\u00e9 un bulletin de liaison deux fois l\u2019an depuis 1985. Des plaques &hellip; <a href=\"https:\/\/therrien.org\/fr\/lassociation\/realisations\/\">Continuer la lecture <span class=\"meta-nav\">&rarr;<\/span><\/a><\/p>\n","protected":false},"author":3,"featured_media":0,"parent":140,"menu_order":6,"comment_status":"closed","ping_status":"closed","template":"","meta":{"ngg_post_thumbnail":0,"footnotes":""},"class_list":["post-158","page","type-page","status-publish","hentry"],"aioseo_notices":[],"_links":{"self":[{"href":"https:\/\/therrien.org\/fr\/wp-json\/wp\/v2\/pages\/158","targetHints":{"allow":["GET"]}}],"collection":[{"href":"https:\/\/therrien.org\/fr\/wp-json\/wp\/v2\/pages"}],"about":[{"href":"https:\/\/therrien.org\/fr\/wp-json\/wp\/v2\/types\/page"}],"author":[{"embeddable":true,"href":"https:\/\/therrien.org\/fr\/wp-json\/wp\/v2\/users\/3"}],"replies":[{"embeddable":true,"href":"https:\/\/therrien.org\/fr\/wp-json\/wp\/v2\/comments?post=158"}],"version-history":[{"count":64,"href":"https:\/\/therrien.org\/fr\/wp-json\/wp\/v2\/pages\/158\/revisions"}],"predecessor-version":[{"id":280,"href":"https:\/\/therrien.org\/fr\/wp-json\/wp\/v2\/pages\/158\/revisions\/280"}],"up":[{"embeddable":true,"href":"https:\/\/therrien.org\/fr\/wp-json\/wp\/v2\/pages\/140"}],"wp:attachment":[{"href":"https:\/\/therrien.org\/fr\/wp-json\/wp\/v2\/media?parent=158"}],"curies":[{"name":"wp","href":"https:\/\/api.w.org\/{rel}","templated":true}]}}