{"id":178,"date":"2011-09-02T20:59:53","date_gmt":"2011-09-03T00:59:53","guid":{"rendered":"https:\/\/therrien.org\/?page_id=178"},"modified":"2023-08-10T22:16:05","modified_gmt":"2023-08-11T02:16:05","slug":"origine-des-terrien","status":"publish","type":"page","link":"https:\/\/therrien.org\/fr\/familles-terrien\/origine-des-terrien\/","title":{"rendered":"Origine des Terrien"},"content":{"rendered":"<p>Quelques Terrien sont venus en Nouvelle-France,\u00a0 \u00e0 partir de <a title=\"La Rochelle\" href=\"http:\/\/fr.wikipedia.org\/wiki\/La_Rochelle\" target=\"_blank\" rel=\"noopener\">La Rochelle<\/a> en\u00a0 France.<\/p>\n<p><a name=\"Andre_Terrien_ancor\"><\/a><em><strong>Andr\u00e9 Terrien<\/strong><\/em><\/p>\n<p style=\"text-align: justify;\">Il est n\u00e9 le 24 janvier 1630 \u00e0 Lafond, <a title=\"La Rochelle\" href=\"http:\/\/fr.wikipedia.org\/wiki\/La_Rochelle\" target=\"_blank\" rel=\"noopener\">La Rochelle<\/a>, baptis\u00e9 le m\u00eame jour \u00e0 la chapelle Sainte-Marguerite, La Rochelle. Il est le fils d\u2019Andr\u00e9 Terrien et de Marie Foucault. Le 2 f\u00e9vrier 1655, il \u00e9pousa Magdeleine Desvignes. Andr\u00e9 arriva \u00e0 <a title=\"Qu\u00e9bec\" href=\"http:\/\/fr.wikipedia.org\/wiki\/Qu%C3%A9bec_(ville)\" target=\"_blank\" rel=\"noopener\">Qu\u00e9bec<\/a> \u00e0 bord du navire \u00ab Le Taureau \u00bb le 15 juin 1656. Durant son s\u00e9jour en Nouvelle-France, il aurait probablement v\u00e9cu dans la r\u00e9gion de <a title=\"Trois-Rivi\u00e8res\" href=\"http:\/\/fr.wikipedia.org\/wiki\/Trois-Rivi%C3%A8res\" target=\"_blank\" rel=\"noopener\">Trois-Rivi\u00e8res<\/a>.<\/p>\n<p style=\"text-align: justify;\">Andr\u00e9 est le premier Terrien \u00e0 venir au pays. Il n\u2019a pas fait souche puisqu\u2019il est retourn\u00e9 en France.<\/p>\n<p><a name=\"Perrien_Terrien_ancor\"><\/a><em><strong>Perrine Terrien<\/strong><\/em><\/p>\n<p style=\"text-align: justify;\">Elle est n\u00e9e \u00e0 <a title=\"La Rochelle\" href=\"http:\/\/fr.wikipedia.org\/wiki\/La_Rochelle\" target=\"_blank\" rel=\"noopener\">La Rochelle<\/a> et baptis\u00e9e \u00e0 l\u2019\u00e9glise Sainte-Marguerite le premier novembre 1640. Elle est la fille d\u2019Andr\u00e9 Terrien et de Marguerite Foucault et est la s\u0153ur d\u2019Andr\u00e9, mentionn\u00e9 plus t\u00f4t. Elle serait arriv\u00e9e au pays probablement au cours de l\u2019ann\u00e9e 1662. Perrine s\u2019est mari\u00e9e \u00e0 <a title=\"Qu\u00e9bec\" href=\"http:\/\/fr.wikipedia.org\/wiki\/Qu%C3%A9bec_(ville)\" target=\"_blank\" rel=\"noopener\">Qu\u00e9bec<\/a> le 12 d\u00e9cembre 1662 avec Jean Allaire, qui avec son fr\u00e8re Charles Allaire, sont les anc\u00eatres des familles Allaire et Dallaire.<\/p>\n<p><a name=\"Jean_Terrien_ancor\"><\/a><em><strong>Jean Terrien<\/strong><\/em><\/p>\n<p style=\"text-align: justify;\">Il est n\u00e9 \u00e0 la paroisse Saint-Jacques-de-Dieppe le 20 d\u00e9cembre 1643, il est le fils de Jean Terrien et de Marie\u00a0 \u00c9lie. Il serait arriv\u00e9 au pays vers 1665. Il a fait souche et il a v\u00e9cu \u00e0 <a title=\"Trois-Rivi\u00e8res\" href=\"http:\/\/fr.wikipedia.org\/wiki\/Trois-Rivi%C3%A8res\" target=\"_blank\" rel=\"noopener\">Trois-Rivi\u00e8res<\/a> o\u00f9 le 26 janvier 1667\u00a0 il \u00e9pouse Judith Rigaud. Cette derni\u00e8re \u00e9tant veuve de Fran\u00e7ois Lema\u00eetre, est la fille d\u2019\u00c9lis\u00e9e Rigaud et de Marie Dugas.\u00a0 Un seul de leurs deux fils a surv\u00e9cu et a assur\u00e9 la descendance de plusieurs Therrien.<\/p>\n<p style=\"text-align: justify;\">Pour les d\u00e9tails sur l&rsquo;enfant de Jean Terrien,\u00a0<a title=\"Enfant de Jean Terrien\" href=\"https:\/\/therrien.org\/fr\/familles-terrien\/familles-souches\/jean-terrien-et-judith-rigaud\/\">cliquez ici<\/a>.<\/p>\n<p><a name=\"Pierre_Terrien_ancor\"><\/a><em><strong>Pierre Terrien<\/strong><\/em><\/p>\n<p style=\"text-align: justify;\">L\u2019anc\u00eatre de la majorit\u00e9 des familles Th\u00e9rien et Therrien d\u2019Am\u00e9rique. Sa filiation et son origine sont inconnues, mais il est probablement originaire de la r\u00e9gion de <a title=\"La Rochelle\" href=\"http:\/\/fr.wikipedia.org\/wiki\/La_Rochelle\" target=\"_blank\" rel=\"noopener\">La Rochelle <\/a>o\u00f9 il serait n\u00e9 vers 1635. Se disant de La Jarne, situ\u00e9 \u00e0 8 km de La Rochelle, il quitte le port de La Rochelle \u00e0 bord du navire \u00ab\u00a0La Fortune\u00a0\u00bb vers avril 1656 et arrive \u00e0 <a title=\"Qu\u00e9bec\" href=\"http:\/\/fr.wikipedia.org\/wiki\/Qu%C3%A9bec_(ville)\" target=\"_blank\" rel=\"noopener\">Qu\u00e9bec<\/a> probablement en juillet. \u00a0\u00a0Pierre a fait souche et aurait v\u00e9cu ses premi\u00e8res ann\u00e9es au pays quelque part sur la C\u00f4te de Beaupr\u00e9 o\u00f9 il fut confirm\u00e9 le 2 \u00a0f\u00e9vrier 1660 et \u00e0 Qu\u00e9bec o\u00f9 il se trouvait en 1663. En 1669, nous le retrouvons au manoir seigneurial \u00e0 Ch\u00e2teau-Richer o\u00f9 il re\u00e7oit en concession une terre situ\u00e9e \u00e0 Saint-Jean de l\u2019<a title=\"Ile d'Orl\u00e9ans\" href=\"http:\/\/fr.wikipedia.org\/wiki\/%C3%8Ele_d'Orl%C3%A9ans\" target=\"_blank\" rel=\"noopener\">\u00cele d\u2019Orl\u00e9ans<\/a>.<\/p>\n<p style=\"text-align: justify;\">C\u2019est \u00e0 l\u2019\u00eele d\u2019Orl\u00e9ans, paroisse Sainte-Famille que le 17 mai 1670 il \u00e9pouse Gabrielle Mineau n\u00e9e \u00e0 Fontenay-le-Comte, Poitou, France vers 1656, fille de Jean Mineau et de Jeanne Caill\u00e9. Gabrielle arriva au pays avec sa m\u00e8re et peut-\u00eatre son p\u00e8re, ainsi qu\u2019avec sa s\u0153ur et ses deux fr\u00e8res vers 1669. Tout indique que Jeanne avec sa famille s\u2019installe \u00e0 l\u2019\u00cele d\u2019Orl\u00e9ans. Quatorze enfants sont issus du mariage de Pierre et de Gabrielle. Apr\u00e8s leur mariage, nous les retrouvons \u00e0 l\u2019\u00cele-aux-Grues o\u00f9 en 1672 et 1674 naissent les deux premiers enfants. Vers 1675 ils sont de retour \u00e0 l\u2019\u00cele d\u2019Orl\u00e9ans et ils s\u2019\u00e9tablirent\u00a0 d\u00e9finitivement sur leur terre situ\u00e9e \u00e0 Saint-Jean ou naissent les douze autres enfants. De leurs quatorze enfants, cinq sont d\u00e9c\u00e9d\u00e9s en bas \u00e2ge, et un \u00e0 l\u2019\u00e2ge adulte. Huit, dont une fille et sept gar\u00e7ons se sont mari\u00e9s et ont assur\u00e9 la descendance.<\/p>\n<p style=\"text-align: justify;\">Pour les d\u00e9tails sur les enfants de Pierre Terrien, <a title=\"Enfants de Pierre Terrien\" href=\"https:\/\/therrien.org\/fr\/familles-terrien\/familles-souches\/pierre-terrien-et-gabrielle-mineau\">cliquez ici<\/a>.<\/p>\n<hr \/>\n<p style=\"text-align: justify;\">Voici une photo du port de <a title=\"La Rochelle\" href=\"http:\/\/fr.wikipedia.org\/wiki\/La_Rochelle\" target=\"_blank\" rel=\"noopener\">La Rochelle<\/a>, l\u00e0 o\u00f9 plusieurs de nos anc\u00eatres sont embarqu\u00e9s pour la Nouvelle France.<\/p>\n<div id=\"attachment_606\" style=\"width: 634px\" class=\"wp-caption alignnone\"><a href=\"https:\/\/therrien.org\/wp-content\/uploads\/2011\/09\/Tours_LaRochelle_France.jpg\"><img loading=\"lazy\" decoding=\"async\" aria-describedby=\"caption-attachment-606\" class=\" wp-image-606 \" style=\"border: 2px solid black; margin: 1px;\" title=\"Tours La Rochelle France\" src=\"https:\/\/therrien.org\/wp-content\/uploads\/2011\/09\/Tours_LaRochelle_France.jpg\" alt=\"Tours La Rochelle France\" width=\"624\" height=\"314\" \/><\/a><p id=\"caption-attachment-606\" class=\"wp-caption-text\">Tours &#8211; La Rochelle &#8211; France<\/p><\/div>\n<p>Ci-dessous se trouve une carte <span style=\"text-decoration: underline;\"><em>interactive<\/em><\/span> pr\u00e9sentant une vue satellite du port de La Rochelle, France.<\/p>\n<p>[map address=\u00a0\u00bbTour Saint-Nicolas, La Rochelle, France\u00a0\u00bb z=15 maptype=satellite]<\/p>\n<p>&nbsp;<\/p>","protected":false},"excerpt":{"rendered":"<p>Quelques Terrien sont venus en Nouvelle-France,\u00a0 \u00e0 partir de La Rochelle en\u00a0 France. Andr\u00e9 Terrien Il est n\u00e9 le 24 janvier 1630 \u00e0 Lafond, La Rochelle, baptis\u00e9 le m\u00eame jour \u00e0 la chapelle Sainte-Marguerite, La Rochelle. Il est le fils &hellip; <a href=\"https:\/\/therrien.org\/fr\/familles-terrien\/origine-des-terrien\/\">Continuer la lecture <span class=\"meta-nav\">&rarr;<\/span><\/a><\/p>\n","protected":false},"author":3,"featured_media":0,"parent":164,"menu_order":1,"comment_status":"closed","ping_status":"closed","template":"","meta":{"ngg_post_thumbnail":0,"footnotes":""},"class_list":["post-178","page","type-page","status-publish","hentry"],"aioseo_notices":[],"_links":{"self":[{"href":"https:\/\/therrien.org\/fr\/wp-json\/wp\/v2\/pages\/178","targetHints":{"allow":["GET"]}}],"collection":[{"href":"https:\/\/therrien.org\/fr\/wp-json\/wp\/v2\/pages"}],"about":[{"href":"https:\/\/therrien.org\/fr\/wp-json\/wp\/v2\/types\/page"}],"author":[{"embeddable":true,"href":"https:\/\/therrien.org\/fr\/wp-json\/wp\/v2\/users\/3"}],"replies":[{"embeddable":true,"href":"https:\/\/therrien.org\/fr\/wp-json\/wp\/v2\/comments?post=178"}],"version-history":[{"count":31,"href":"https:\/\/therrien.org\/fr\/wp-json\/wp\/v2\/pages\/178\/revisions"}],"predecessor-version":[{"id":2606,"href":"https:\/\/therrien.org\/fr\/wp-json\/wp\/v2\/pages\/178\/revisions\/2606"}],"up":[{"embeddable":true,"href":"https:\/\/therrien.org\/fr\/wp-json\/wp\/v2\/pages\/164"}],"wp:attachment":[{"href":"https:\/\/therrien.org\/fr\/wp-json\/wp\/v2\/media?parent=178"}],"curies":[{"name":"wp","href":"https:\/\/api.w.org\/{rel}","templated":true}]}}