{"id":186,"date":"2011-09-02T21:05:38","date_gmt":"2011-09-03T01:05:38","guid":{"rendered":"https:\/\/therrien.org\/?page_id=186"},"modified":"2025-12-08T13:37:59","modified_gmt":"2025-12-08T18:37:59","slug":"origine-des-patronymes","status":"publish","type":"page","link":"https:\/\/therrien.org\/fr\/familles-terrien\/origine-des-patronymes\/","title":{"rendered":"Origine des patronymes"},"content":{"rendered":"<p><\/p>\n<p style=\"text-align: justify;\"><strong>Ce qu\u2019il faut savoir sur le patronyme :<\/strong><\/p>\n<p style=\"text-align: justify;\">Notre patronyme s\u2019\u00e9crit de diff\u00e9rentes fa\u00e7ons, vous allez certainement vous poser la question \u00e0 savoir pourquoi ? Alors en voici l\u2019explication.<\/p>\n<p style=\"text-align: justify;\">Originalement en France, le nom s\u2019\u00e9crivait <strong><em>\u00ab Terrien \u00bb<\/em><\/strong>, les premi\u00e8res g\u00e9n\u00e9rations en Nouvelle-France l\u2019\u00e9crivaient aussi de cette fa\u00e7on et les Fran\u00e7ais l\u2019\u00e9crivent toujours ainsi. C\u2019est au milieu du XVIIe si\u00e8cle que nous retrouvons l\u2019inscription\u00a0<strong><em>\u00ab Th\u00e9rien \u00bb<\/em><\/strong> dans les registres de certaines paroisses. Un peu plus tard, soit entre 1870 et 1900, une autre modification est apparue pour donner <strong><em>\u00ab Therrien \u00bb<\/em><\/strong>, la majorit\u00e9 l\u2019\u00e9crivent aujourd\u2019hui de cette mani\u00e8re.<\/p>\n<p style=\"text-align: justify;\">Soulignons aussi que durant la p\u00e9riode d\u2019exode vers les \u00c9tats-Unis, entre les ann\u00e9es 1840 et 1850 jusqu\u2019en 1900, plusieurs noms de famille ont \u00e9t\u00e9 modifi\u00e9s. Ils ont \u00e9t\u00e9 anglicis\u00e9s ou traduits. Quelques Terrien ont aussi \u00e9migr\u00e9 et quelques-uns ont modifi\u00e9 leur nom. Nous retrouvons aujourd\u2019hui des Terrien, Th\u00e9rien ou Therrien qui sont devenus des Farmer, Pharmer, Lander, Taylor ou Tarian, Teriant, Theriant, Tharian, Tyrell et m\u00eame Teriot.<\/p>\n<p><\/p>","protected":false},"excerpt":{"rendered":"<p>Ce qu\u2019il faut savoir sur le patronyme : Notre patronyme s\u2019\u00e9crit de diff\u00e9rentes fa\u00e7ons, vous allez certainement vous poser la question \u00e0 savoir pourquoi ? Alors en voici l\u2019explication. Originalement en France, le nom s\u2019\u00e9crivait \u00ab Terrien \u00bb, les premi\u00e8res &hellip; <a href=\"https:\/\/therrien.org\/fr\/familles-terrien\/origine-des-patronymes\/\">Continuer la lecture <span class=\"meta-nav\">&rarr;<\/span><\/a><\/p>\n","protected":false},"author":3,"featured_media":0,"parent":164,"menu_order":6,"comment_status":"closed","ping_status":"closed","template":"","meta":{"ngg_post_thumbnail":0,"footnotes":""},"class_list":["post-186","page","type-page","status-publish","hentry"],"aioseo_notices":[],"_links":{"self":[{"href":"https:\/\/therrien.org\/fr\/wp-json\/wp\/v2\/pages\/186","targetHints":{"allow":["GET"]}}],"collection":[{"href":"https:\/\/therrien.org\/fr\/wp-json\/wp\/v2\/pages"}],"about":[{"href":"https:\/\/therrien.org\/fr\/wp-json\/wp\/v2\/types\/page"}],"author":[{"embeddable":true,"href":"https:\/\/therrien.org\/fr\/wp-json\/wp\/v2\/users\/3"}],"replies":[{"embeddable":true,"href":"https:\/\/therrien.org\/fr\/wp-json\/wp\/v2\/comments?post=186"}],"version-history":[{"count":7,"href":"https:\/\/therrien.org\/fr\/wp-json\/wp\/v2\/pages\/186\/revisions"}],"predecessor-version":[{"id":2727,"href":"https:\/\/therrien.org\/fr\/wp-json\/wp\/v2\/pages\/186\/revisions\/2727"}],"up":[{"embeddable":true,"href":"https:\/\/therrien.org\/fr\/wp-json\/wp\/v2\/pages\/164"}],"wp:attachment":[{"href":"https:\/\/therrien.org\/fr\/wp-json\/wp\/v2\/media?parent=186"}],"curies":[{"name":"wp","href":"https:\/\/api.w.org\/{rel}","templated":true}]}}