{"id":192,"date":"2011-09-02T21:16:12","date_gmt":"2011-09-02T21:16:12","guid":{"rendered":"https:\/\/therrien.org\/?page_id=192"},"modified":"2018-05-30T11:27:22","modified_gmt":"2018-05-30T11:27:22","slug":"bulletin-genealogique-le-terrien","status":"publish","type":"page","link":"https:\/\/therrien.org\/fr\/publications\/bulletin-genealogique-le-terrien\/","title":{"rendered":"Bulletin g\u00e9n\u00e9alogique Le Terrien"},"content":{"rendered":"<p><\/p>\n<p style=\"text-align: justify;\">Le bulletin g\u00e9n\u00e9alogique de l&rsquo;Association \u00ab Le Terrien \u00bb publi\u00e9 deux\u00a0 fois l&rsquo;an, au cours des mois de mai et novembre, est le lien qui unit tous les membres de l&rsquo;Association. Cette revue est exp\u00e9di\u00e9e \u00e0 tous les membres qui ont acquitt\u00e9 leur droit d\u2019adh\u00e9sion \u00e0 l\u2019Association. Environ 200 copies pour chaque publication sont en circulation, car nous faisons aussi l\u2019\u00e9change avec plusieurs associations de famille. Des copies sont \u00e9galement distribu\u00e9es \u00e0 plusieurs biblioth\u00e8ques de g\u00e9n\u00e9alogie et de soci\u00e9t\u00e9 d\u2019histoire et aux centres d\u2019archives du Qu\u00e9bec. C\u2019est en partie par l\u2019entremise du bulletin que les membres peuvent prendre connaissance des activit\u00e9s organis\u00e9es par l\u2019Association. C\u2019est aussi le moyen privil\u00e9gi\u00e9 pour r\u00e9unir et diffuser les r\u00e9sultats de la recherche sur les Anc\u00eatres et l\u2019histoire des membres de nos familles.<\/p>\n<div id=\"attachment_562\" style=\"width: 640px\" class=\"wp-caption alignnone\"><a href=\"https:\/\/therrien.org\/wp-content\/uploads\/2011\/09\/Tous_Les_Bulletins.jpg\"><img loading=\"lazy\" decoding=\"async\" aria-describedby=\"caption-attachment-562\" class=\" wp-image-562        \" style=\"border: 1px solid black; margin: 1px;\" title=\"Collection des bulletins Le Terrien\" src=\"https:\/\/therrien.org\/wp-content\/uploads\/2011\/09\/Tous_Les_Bulletins.jpg\" alt=\"Collection des bulletins le Terrien\" width=\"630\" height=\"480\" \/><\/a><p id=\"caption-attachment-562\" class=\"wp-caption-text\">L&#39;Association a publi\u00e9 depuis 1985 plus de 50 bulletins \u2013 cliquez sur l&#39;image pour un aper\u00e7u<\/p><\/div>\n<p style=\"text-align: justify;\">Toute personne int\u00e9ress\u00e9e peut participer \u00e0 sa r\u00e9daction et faire parvenir des articles par la poste \u00e0 l\u2019<a href=\"https:\/\/therrien.org\/fr\/pour-nous-joindre\/\">adresse de l\u2019Association<\/a>, ou par courrier \u00e9lectronique en utilisant l\u2019<a href=\"https:\/\/therrien.org\/fr\/pour-nous-joindre\/\">adresse \u00e9lectronique<\/a>.<\/p>\n<p style=\"text-align: justify;\">Pour consulter l&rsquo;index de tous les bulletins publi\u00e9s \u00e0 ce jour, <a title=\"Index des bulletins\" href=\"https:\/\/therrien.org\/publications\/bulletin-genealogique-le-terrien\/index-des-bulletins\/\">cliquez ici<\/a>.<\/p>\n<p style=\"text-align: justify;\">Si vous \u00eates membres, alors vous pouvez acc\u00e9der gratuitement aux bulletins que nous archivons depuis les tout d\u00e9buts de l\u2019Association.\u00a0<a title=\"Bulletin de liason\" href=\"https:\/\/therrien.org\/fr\/services-aux-membres\/bulletin-de-liaison\/\">Veuillez cliquer ici<\/a>.<\/p>\n<p style=\"text-align: justify;\"><em><strong>Voici quelques-uns de nos bulletins :<\/strong><\/em><\/p>\n<div id=\"attachment_566\" style=\"width: 240px\" class=\"wp-caption alignright\"><img loading=\"lazy\" decoding=\"async\" aria-describedby=\"caption-attachment-566\" class=\"size-medium wp-image-566 \" title=\"Volume 01 No 1 - 1985 - Couverture\" src=\"https:\/\/therrien.org\/wp-content\/uploads\/2011\/09\/Volume-01-No-1-1985-Couverture-230x300.jpg\" alt=\"Le Terrien - Volume 01 No 1 - 1985\" width=\"230\" height=\"300\" srcset=\"https:\/\/therrien.org\/wp-content\/uploads\/2011\/09\/Volume-01-No-1-1985-Couverture-230x300.jpg 230w, https:\/\/therrien.org\/wp-content\/uploads\/2011\/09\/Volume-01-No-1-1985-Couverture.jpg 511w\" sizes=\"auto, (max-width: 230px) 100vw, 230px\" \/><p id=\"caption-attachment-566\" class=\"wp-caption-text\">Les Terrien - Volume 01 No 1 - 1985<\/p><\/div>\n<p>Volume 1 No 1 &#8211; 1985 Sommaire<\/p>\n<ul>\n<li>Conseil d&rsquo;Administration<\/li>\n<li>Mot du pr\u00e9sident<\/li>\n<li>Descendants Jean et Pierre Therrien<\/li>\n<li>Pierre Therrien et Gabrielle Mignot<\/li>\n<li>Jean Therrien du Ponceau<\/li>\n<li>Joseph E. Therrien<\/li>\n<li>Lettres patentes<\/li>\n<li>Cartes g\u00e9ographiques<\/li>\n<\/ul>\n<div><\/div>\n<div><\/div>\n<div><\/div>\n<div><\/div>\n<div><\/div>\n<div><\/div>\n<div id=\"attachment_567\" style=\"width: 242px\" class=\"wp-caption alignright\"><img loading=\"lazy\" decoding=\"async\" aria-describedby=\"caption-attachment-567\" class=\"size-medium wp-image-567\" title=\"Volume 01 No 2 - 1985 - Couverture\" src=\"https:\/\/therrien.org\/wp-content\/uploads\/2011\/09\/Volume-01-No-2-1985-Couverture-232x300.jpg\" alt=\"Le Terrien - Volume 01 No 2 - 1985\" width=\"232\" height=\"300\" srcset=\"https:\/\/therrien.org\/wp-content\/uploads\/2011\/09\/Volume-01-No-2-1985-Couverture-232x300.jpg 232w, https:\/\/therrien.org\/wp-content\/uploads\/2011\/09\/Volume-01-No-2-1985-Couverture.jpg 520w\" sizes=\"auto, (max-width: 232px) 100vw, 232px\" \/><p id=\"caption-attachment-567\" class=\"wp-caption-text\">Les Terrien - Volume 01 No 2 - 1985<\/p><\/div>\n<p>Volume 1 No 2 &#8211; 1985 Sommaire<\/p>\n<ul>\n<li>Les fils de Pierre et Gabrielle Mignot<\/li>\n<li>R\u00e8glements g\u00e9n\u00e9raux<\/li>\n<li>L&rsquo;Abb\u00e9 Joseph-Victor Therien<\/li>\n<li>Roland Therrien<\/li>\n<li>SUITE Jean Terrie du Ponceau et Judith Rigaud<\/li>\n<li>Aim\u00e9 Therrien<\/li>\n<li>C.E. Therrien<\/li>\n<li>Joseph Therrien<\/li>\n<li>C\u00e9saire Ttherien<\/li>\n<li>F.Eug\u00e8ne Therrien<\/li>\n<\/ul>\n<div><\/div>\n<div><\/div>\n<div id=\"attachment_569\" style=\"width: 238px\" class=\"wp-caption alignright\"><img loading=\"lazy\" decoding=\"async\" aria-describedby=\"caption-attachment-569\" class=\"size-medium wp-image-569 \" title=\"Volume 03 No 2  - 1987 - Couverture\" src=\"https:\/\/therrien.org\/wp-content\/uploads\/2011\/09\/Volume-03-No-2-1987-Couverture-228x300.jpg\" alt=\"Les Terrien - Volume 03 No 2 - 1987\" width=\"228\" height=\"300\" srcset=\"https:\/\/therrien.org\/wp-content\/uploads\/2011\/09\/Volume-03-No-2-1987-Couverture-228x300.jpg 228w, https:\/\/therrien.org\/wp-content\/uploads\/2011\/09\/Volume-03-No-2-1987-Couverture.jpg 507w\" sizes=\"auto, (max-width: 228px) 100vw, 228px\" \/><p id=\"caption-attachment-569\" class=\"wp-caption-text\">Les Terrien - Volume 03 No 2 - 1987<\/p><\/div>\n<p>Volume 3 No 2 &#8211; 1987 Sommaire<\/p>\n<ul>\n<li>C&rsquo;est la grande f\u00eate<\/li>\n<li>Pierre Therrien &#8211; Gabrielle Mignot<\/li>\n<li>Jean Therrien &#8211; Judith Rigaud<\/li>\n<li>Quelques d\u00e9tails<\/li>\n<li>Nous sommes des Therrien<\/li>\n<li>Communiqu\u00e9<\/li>\n<li>Isidore Therrien<\/li>\n<li>Des Therrien un peu partout<\/li>\n<li>Albert Therrien<\/li>\n<li>50 ans ensemble<\/li>\n<li>Sinc\u00e8res remerciements<\/li>\n<li>Alb\u00e9ric Therrien<\/li>\n<li>Joseph-Henry Therien<\/li>\n<li>Jacques-Yves Therrien<\/li>\n<li>J.-Alexandre Th\u00e9rien<\/li>\n<li>Nil Therrien<\/li>\n<li>Charles Lebel-Therrien<\/li>\n<li>Wilfrid Therrien<\/li>\n<li>Joseph Therrien<\/li>\n<li>Samuel Therrien<\/li>\n<li>Jean-Denis Therrien<\/li>\n<li>Marc-Andr\u00e9 Th\u00e9rien<\/li>\n<li>Louis de Gonzague Th\u00e9rien<\/li>\n<li>Extraits du Catalogue des immigrants<\/li>\n<\/ul>\n<div id=\"attachment_571\" style=\"width: 242px\" class=\"wp-caption alignright\"><img loading=\"lazy\" decoding=\"async\" aria-describedby=\"caption-attachment-571\" class=\"size-medium wp-image-571\" title=\"Volume 10 No 2 - 1994 - Couverture\" src=\"https:\/\/therrien.org\/wp-content\/uploads\/2011\/09\/Volume-10-No-2-1994-Couverture-232x300.jpg\" alt=\"Les Terrien - Volume 10 No 2 - 1994\" width=\"232\" height=\"300\" srcset=\"https:\/\/therrien.org\/wp-content\/uploads\/2011\/09\/Volume-10-No-2-1994-Couverture-232x300.jpg 232w, https:\/\/therrien.org\/wp-content\/uploads\/2011\/09\/Volume-10-No-2-1994-Couverture.jpg 519w\" sizes=\"auto, (max-width: 232px) 100vw, 232px\" \/><p id=\"caption-attachment-571\" class=\"wp-caption-text\">Les Terrien - Volume 10 No 2 - 1994<\/p><\/div>\n<p>Volume 10 No 2 &#8211; 1994 Sommaire<\/p>\n<ul>\n<li>Mot du pr\u00e9sident \/ A word from the president<\/li>\n<li>D\u00e9j\u00e2 10 ans<\/li>\n<li>Already 10 years<\/li>\n<li>5Oe anniveTsaire de mariage<\/li>\n<li>10 ans d&rsquo;implication \/10 years involvement<\/li>\n<li>R\u00e9alisation de r\u00eaves \/ Dreams come through<\/li>\n<li>R\u00e9union du 14 ao\u00fbt 1994<\/li>\n<li>Famille Lemaitre (Duhaime)<\/li>\n<li>Sudbury, Ontario \/ F\u00eate de bons vivants<\/li>\n<li>Famille Joseph et Evelina Beaulieu<\/li>\n<li>Suite descendants en Ontario (Sudbury)<\/li>\n<li>Bear-fisted Brawl<\/li>\n<li>Ren\u00e9e Martel<\/li>\n<li>Hommage \u00e2 Marcel Martel<\/li>\n<li>Therrien (Abb\u00e9 Jacques)<\/li>\n<li>Suzanne Therrien curriculum vitae<\/li>\n<li>Lettres \u00e2 L\u00e9o Therrien (Etats Unis) \/ Lettres of U.S.A<\/li>\n<li>Historique de la terre ancestrale<\/li>\n<li>Ile d&rsquo;Orl\u00e9ans<\/li>\n<li>Gaston Therrien, Rachel Therrien<\/li>\n<li>Les \u00e9coli\u00e8res du cirque<\/li>\n<li>Le village miniature est ouvert \/ Album souvenir de Danvllle<\/li>\n<li>Omer et Jeanne\u00b7Mance B1anchette 5Oe anniversaire de mariage<\/li>\n<li>Millionnaires au travail !<\/li>\n<li>Lettres \u00e0 L\u00e9o Dr Guelps et Kingston Ontario<\/li>\n<li>Lettre \u00e0 L\u00e9o \/ Relation France\u00b7Qu\u00e9bec<\/li>\n<li>Westbury, famille d&rsquo;Alice et Laurent Therrien<\/li>\n<li>Bedford Famille Lucile Charbonneau et Marcel Therrien<\/li>\n<li>Famille Imelda Hamel et Alcide Therrien<\/li>\n<li>Sonia Van Heerden of Toronto<\/li>\n<li>Familles nombreuses<\/li>\n<li>Quelques actes notari\u00e9s<\/li>\n<\/ul>\n<div id=\"attachment_574\" style=\"width: 243px\" class=\"wp-caption alignright\"><img loading=\"lazy\" decoding=\"async\" aria-describedby=\"caption-attachment-574\" class=\"size-medium wp-image-574\" title=\"Volume 16 No 1  - 2000 - Couverture\" src=\"https:\/\/therrien.org\/wp-content\/uploads\/2011\/09\/Volume-16-No-1-2000-Couverture-233x300.jpg\" alt=\"Le Terrien - Volume 16 No 1 - 2000\" width=\"233\" height=\"300\" srcset=\"https:\/\/therrien.org\/wp-content\/uploads\/2011\/09\/Volume-16-No-1-2000-Couverture-233x300.jpg 233w, https:\/\/therrien.org\/wp-content\/uploads\/2011\/09\/Volume-16-No-1-2000-Couverture.jpg 521w\" sizes=\"auto, (max-width: 233px) 100vw, 233px\" \/><p id=\"caption-attachment-574\" class=\"wp-caption-text\">Le Terrien - Volume 16 No 1 - 2000<\/p><\/div>\n<p>Volume 16 No 1 &#8211; 2000 Sommaire<\/p>\n<ul>\n<li>Mot du pr\u00e9sident \/ A few words from our president<\/li>\n<li>Liens \u00c9tats-Unis &#8211; Canada \/ Links United States &#8211; Canada<\/li>\n<li>Liens Qu\u00e9bec France \/ Links Quebec and France<\/li>\n<li>Activit\u00e9 spociale \/ Special aclivity<\/li>\n<li>Histoire d&rsquo;une famile Therrien (Saint-Damien) \/<\/li>\n<li>History of a family Therrien (Saint-Damien)<\/li>\n<li>G\u00e9n\u00e9alogie des enfants de Fran\u00e7ois qui sont all\u00e9s vers Saint-Damien \/<\/li>\n<li>Genealogy of the children of Fran\u00e7ois Therrien who went to Sainl-Damien<\/li>\n<li>Nouvelle du Lac St-Jean \/ News from Lake St-Jean<\/li>\n<li>Hommage \u00e0 Maurice Therrien \/ Homage to Maurice Therrien<\/li>\n<li>Les Th\u00e9rien et Therrien et les d\u00e9but de Saint-Jovite \/<\/li>\n<li>Th\u00e9riens and Therriens and beginning of Saint-Jovite<\/li>\n<li>G\u00e9n\u00e9alogie \u00e0 partir d&rsquo;Ignace et Fran\u00e7oise Lessard jusqu&rsquo;\u00e0 L\u00e9o-Paul \/<\/li>\n<li>Gencalogy starting wilh Ignace Th\u00e9rien and Fran\u00e7oise Lessard down to L\u00e9o-Paul<\/li>\n<li>50e anniversaire de mariage \/ 50th anniversary of marriage<\/li>\n<li>Condol\u00e9ances aux familles \u00e9prouv\u00e9s \/ Condilences to afflicted familys<\/li>\n<li>Bienvenue aux nouveaux membres \/ Welcome to our new members<\/li>\n<\/ul>\n<div id=\"attachment_576\" style=\"width: 237px\" class=\"wp-caption alignright\"><img loading=\"lazy\" decoding=\"async\" aria-describedby=\"caption-attachment-576\" class=\"size-medium wp-image-576\" title=\"Volume 21 No 2 - 2005 - Couverture\" src=\"https:\/\/therrien.org\/wp-content\/uploads\/2011\/09\/Volume-21-No-2-2005-Couverture-227x300.jpg\" alt=\"Le Terrien - Volume 21 No 2 - 2005\" width=\"227\" height=\"300\" srcset=\"https:\/\/therrien.org\/wp-content\/uploads\/2011\/09\/Volume-21-No-2-2005-Couverture-227x300.jpg 227w, https:\/\/therrien.org\/wp-content\/uploads\/2011\/09\/Volume-21-No-2-2005-Couverture.jpg 509w\" sizes=\"auto, (max-width: 227px) 100vw, 227px\" \/><p id=\"caption-attachment-576\" class=\"wp-caption-text\">Le Terrien - Volume 21 No 2 - 2005<\/p><\/div>\n<p>Volume 21 No 2 &#8211; 2005 Sommaire<\/p>\n<ul>\n<li>Message<\/li>\n<li>Mot du pr\u00e9sident \/From the President<\/li>\n<li>Rapport du tr\u00e9sorier<\/li>\n<li>R\u00e9trospective de l\u2019ann\u00e9e 2004\/05<\/li>\n<li>Retrospect on the years 2004\/05<\/li>\n<li>Parler pour raconter \/ To tell is to remember<\/li>\n<li>Des moments pr\u00e9cieux<\/li>\n<li>J.S. Therrien<\/li>\n<li>De la visite, en voulez vous? \/ So they wanted visitors<\/li>\n<li>Photo de 2005<\/li>\n<li>Une passion<\/li>\n<li>Souvenir de voyage<\/li>\n<li>Activit\u00e9s de nos membres<\/li>\n<li>T\u00e9moignage<\/li>\n<li>O.M.I.<\/li>\n<li>Condol\u00e9ances aux familles \u00e9prouv\u00e9es \/<\/li>\n<li>Condolences to afflicted families<\/li>\n<li>Formulaire d\u2019adh\u00e9sion<\/li>\n<li>Renseignements g\u00e9n\u00e9alogiques<\/li>\n<\/ul>\n<p><\/p>","protected":false},"excerpt":{"rendered":"<p>Le bulletin g\u00e9n\u00e9alogique de l&rsquo;Association \u00ab Le Terrien \u00bb publi\u00e9 deux\u00a0 fois l&rsquo;an, au cours des mois de mai et novembre, est le lien qui unit tous les membres de l&rsquo;Association. Cette revue est exp\u00e9di\u00e9e \u00e0 tous les membres qui &hellip; <a href=\"https:\/\/therrien.org\/fr\/publications\/bulletin-genealogique-le-terrien\/\">Continuer la lecture <span class=\"meta-nav\">&rarr;<\/span><\/a><\/p>\n","protected":false},"author":3,"featured_media":0,"parent":169,"menu_order":0,"comment_status":"closed","ping_status":"closed","template":"","meta":{"ngg_post_thumbnail":0,"footnotes":""},"class_list":["post-192","page","type-page","status-publish","hentry"],"aioseo_notices":[],"_links":{"self":[{"href":"https:\/\/therrien.org\/fr\/wp-json\/wp\/v2\/pages\/192","targetHints":{"allow":["GET"]}}],"collection":[{"href":"https:\/\/therrien.org\/fr\/wp-json\/wp\/v2\/pages"}],"about":[{"href":"https:\/\/therrien.org\/fr\/wp-json\/wp\/v2\/types\/page"}],"author":[{"embeddable":true,"href":"https:\/\/therrien.org\/fr\/wp-json\/wp\/v2\/users\/3"}],"replies":[{"embeddable":true,"href":"https:\/\/therrien.org\/fr\/wp-json\/wp\/v2\/comments?post=192"}],"version-history":[{"count":31,"href":"https:\/\/therrien.org\/fr\/wp-json\/wp\/v2\/pages\/192\/revisions"}],"predecessor-version":[{"id":2345,"href":"https:\/\/therrien.org\/fr\/wp-json\/wp\/v2\/pages\/192\/revisions\/2345"}],"up":[{"embeddable":true,"href":"https:\/\/therrien.org\/fr\/wp-json\/wp\/v2\/pages\/169"}],"wp:attachment":[{"href":"https:\/\/therrien.org\/fr\/wp-json\/wp\/v2\/media?parent=192"}],"curies":[{"name":"wp","href":"https:\/\/api.w.org\/{rel}","templated":true}]}}