{"id":196,"date":"2011-09-02T21:21:18","date_gmt":"2011-09-03T01:21:18","guid":{"rendered":"https:\/\/therrien.org\/?page_id=196"},"modified":"2012-05-25T22:16:33","modified_gmt":"2012-05-26T02:16:33","slug":"bulletin-de-liaison","status":"publish","type":"page","link":"https:\/\/therrien.org\/fr\/services-aux-membres\/bulletin-de-liaison\/","title":{"rendered":"Bulletin de liaison"},"content":{"rendered":"<p><div id=\"attachment_562\" style=\"width: 160px\" class=\"wp-caption alignright\"><a href=\"https:\/\/therrien.org\/wp-content\/uploads\/2011\/09\/Tous_Les_Bulletins.jpg\"><img loading=\"lazy\" decoding=\"async\" aria-describedby=\"caption-attachment-562\" class=\"size-thumbnail wp-image-562 \" title=\"Collection des bulletins Le Terrien\" src=\"https:\/\/therrien.org\/wp-content\/uploads\/2011\/09\/Tous_Les_Bulletins-150x150.jpg\" alt=\"Collection des bulletins le Terrien\" width=\"150\" height=\"150\" \/><\/a><p id=\"caption-attachment-562\" class=\"wp-caption-text\">L&#39;Association a publi\u00e9 depuis 1985 plus de 50 bulletins<\/p><\/div><\/p>\n<p style=\"text-align: justify;\">Le bulletin de l\u2019Association \u00ab\u00a0Le Terrien\u00a0\u00bb publi\u00e9 deux fois l\u2019an, au cours des mois de mai et novembre, est le lien qui unit tous les membres de l\u2019Association. Cette revue est exp\u00e9di\u00e9e \u00e0 tous les membres qui ont acquitt\u00e9 leur droit d\u2019adh\u00e9sion \u00e0 l\u2019Association.<\/p>\n<p style=\"text-align: justify;\">Si vous \u00eates membres, alors vous pouvez acc\u00e9der aux bulletins que nous archivons depuis les tout d\u00e9buts de l\u2019Association. Ces bulletins sont disponibles en format \u00e9lectronique PDF. Afin de les lire, vous aurez besoin du logiciel gratuit\u00a0<a title=\"Adobe Acrobat Reader\" href=\"http:\/\/get.adobe.com\/fr\/reader\/\" target=\"_blank\">Adobe Acrobat Reader<\/a>.<\/p>\n<p style=\"text-align: justify;\">Afin de t\u00e9l\u00e9charger les bulletins, vous aurez besoin d\u2019un code d\u2019acc\u00e8s. Afin d\u2019obtenir ce code d\u2019acc\u00e8s, veuillez envoyer un courriel \u00e0 l\u2019adresse suivante:\u00a0<a href=\"mailto:information@therrien.org\">information@therrien.org<\/a>. Veuillez sp\u00e9cifier votre nom et pr\u00e9nom ainsi que votre num\u00e9ro de membre.<\/p>\n<p style=\"text-align: justify;\">Si vous avez d\u00e9j\u00e0 le code d\u2019acc\u00e8s, alors <a title=\"Bulletins Le Terrien\" href=\"https:\/\/therrien.org\/fr\/services-aux-membres\/bulletin-de-liaison\/acces-aux-bulletins\/\">cliquez sur ce lien pour avoir acc\u00e8s aux bulletins<\/a>.<\/p>\n<p style=\"text-align: justify;\">Bonne lecture !<\/p>\n<p><\/p>","protected":false},"excerpt":{"rendered":"<p>Le bulletin de l\u2019Association \u00ab\u00a0Le Terrien\u00a0\u00bb publi\u00e9 deux fois l\u2019an, au cours des mois de mai et novembre, est le lien qui unit tous les membres de l\u2019Association. Cette revue est exp\u00e9di\u00e9e \u00e0 tous les membres qui ont acquitt\u00e9 leur &hellip; <a href=\"https:\/\/therrien.org\/fr\/services-aux-membres\/bulletin-de-liaison\/\">Continuer la lecture <span class=\"meta-nav\">&rarr;<\/span><\/a><\/p>\n","protected":false},"author":3,"featured_media":0,"parent":160,"menu_order":1,"comment_status":"closed","ping_status":"closed","template":"","meta":{"ngg_post_thumbnail":0,"footnotes":""},"class_list":["post-196","page","type-page","status-publish","hentry"],"aioseo_notices":[],"_links":{"self":[{"href":"https:\/\/therrien.org\/fr\/wp-json\/wp\/v2\/pages\/196","targetHints":{"allow":["GET"]}}],"collection":[{"href":"https:\/\/therrien.org\/fr\/wp-json\/wp\/v2\/pages"}],"about":[{"href":"https:\/\/therrien.org\/fr\/wp-json\/wp\/v2\/types\/page"}],"author":[{"embeddable":true,"href":"https:\/\/therrien.org\/fr\/wp-json\/wp\/v2\/users\/3"}],"replies":[{"embeddable":true,"href":"https:\/\/therrien.org\/fr\/wp-json\/wp\/v2\/comments?post=196"}],"version-history":[{"count":8,"href":"https:\/\/therrien.org\/fr\/wp-json\/wp\/v2\/pages\/196\/revisions"}],"predecessor-version":[{"id":837,"href":"https:\/\/therrien.org\/fr\/wp-json\/wp\/v2\/pages\/196\/revisions\/837"}],"up":[{"embeddable":true,"href":"https:\/\/therrien.org\/fr\/wp-json\/wp\/v2\/pages\/160"}],"wp:attachment":[{"href":"https:\/\/therrien.org\/fr\/wp-json\/wp\/v2\/media?parent=196"}],"curies":[{"name":"wp","href":"https:\/\/api.w.org\/{rel}","templated":true}]}}