{"id":55,"date":"2011-08-23T08:49:07","date_gmt":"2011-08-23T12:49:07","guid":{"rendered":"https:\/\/therrien.org\/?page_id=55"},"modified":"2012-02-26T15:18:25","modified_gmt":"2012-02-26T20:18:25","slug":"conseil-dadministration","status":"publish","type":"page","link":"https:\/\/therrien.org\/fr\/lassociation\/conseil-dadministration\/","title":{"rendered":"Conseil d&rsquo;administration"},"content":{"rendered":"<p><\/p>\n<p style=\"text-align: justify;\">Une fois l\u2019an, une r\u00e9union g\u00e9n\u00e9rale ouverte \u00e0 tous les membres s\u2019effectue afin que le Conseil d\u2019Administration puisse rendre rapport sur les activit\u00e9s de l\u2019association et lorsque les circonstances l\u2019exigent, une \u00e9lection des membres du conseil d\u2019administration s\u2019effectue.<\/p>\n<p>Pour consulter la liste des membres ayant particip\u00e9 \u00e0 un ou plusieurs de nos 28 Conseils d\u2019Administration pass\u00e9s, <a title=\"CA pass\u00e9\" href=\"https:\/\/therrien.org\/fr\/lassociation\/conseil-dadministration\/passe\/\">cliquez ici<\/a>.<\/p>\n<p>Pour consulter la liste des membres du Conseil d\u2019Administration pr\u00e9sent, <a title=\"CA p\u00e9sent\" href=\"https:\/\/therrien.org\/fr\/lassociation\/conseil-dadministration\/present\/\">cliquez ici<\/a>.<\/p>\n<p>Le b\u00e9n\u00e9volat est un des moteurs principaux de notre Association et est fait par des gens passionn\u00e9s et qui ont \u00e0 c\u0153ur l\u2019int\u00e9r\u00eat des familles descendantes de Pierre et Jean Terrien. Ces membres ont fait de leur implication un travail fort appr\u00e9ci\u00e9 comme b\u00e9n\u00e9vole, permettant ainsi de servi la cause de l\u2019Association et de faire quelque chose pour autrui.<\/p>\n<p>Si vous avez le go\u00fbt de mettre votre contribution \u00e0 parti, <a title=\"Pour nous joindre\" href=\"https:\/\/therrien.org\/fr\/pour-nous-joindre\/\">laissez-nous le savoir<\/a>!<\/p>","protected":false},"excerpt":{"rendered":"<p>Une fois l\u2019an, une r\u00e9union g\u00e9n\u00e9rale ouverte \u00e0 tous les membres s\u2019effectue afin que le Conseil d\u2019Administration puisse rendre rapport sur les activit\u00e9s de l\u2019association et lorsque les circonstances l\u2019exigent, une \u00e9lection des membres du conseil d\u2019administration s\u2019effectue. Pour consulter &hellip; <a href=\"https:\/\/therrien.org\/fr\/lassociation\/conseil-dadministration\/\">Continuer la lecture <span class=\"meta-nav\">&rarr;<\/span><\/a><\/p>\n","protected":false},"author":3,"featured_media":0,"parent":140,"menu_order":3,"comment_status":"closed","ping_status":"closed","template":"","meta":{"ngg_post_thumbnail":0,"footnotes":""},"class_list":["post-55","page","type-page","status-publish","hentry"],"aioseo_notices":[],"_links":{"self":[{"href":"https:\/\/therrien.org\/fr\/wp-json\/wp\/v2\/pages\/55","targetHints":{"allow":["GET"]}}],"collection":[{"href":"https:\/\/therrien.org\/fr\/wp-json\/wp\/v2\/pages"}],"about":[{"href":"https:\/\/therrien.org\/fr\/wp-json\/wp\/v2\/types\/page"}],"author":[{"embeddable":true,"href":"https:\/\/therrien.org\/fr\/wp-json\/wp\/v2\/users\/3"}],"replies":[{"embeddable":true,"href":"https:\/\/therrien.org\/fr\/wp-json\/wp\/v2\/comments?post=55"}],"version-history":[{"count":33,"href":"https:\/\/therrien.org\/fr\/wp-json\/wp\/v2\/pages\/55\/revisions"}],"predecessor-version":[{"id":69,"href":"https:\/\/therrien.org\/fr\/wp-json\/wp\/v2\/pages\/55\/revisions\/69"}],"up":[{"embeddable":true,"href":"https:\/\/therrien.org\/fr\/wp-json\/wp\/v2\/pages\/140"}],"wp:attachment":[{"href":"https:\/\/therrien.org\/fr\/wp-json\/wp\/v2\/media?parent=55"}],"curies":[{"name":"wp","href":"https:\/\/api.w.org\/{rel}","templated":true}]}}