{"id":672,"date":"2012-02-26T13:57:06","date_gmt":"2012-02-26T18:57:06","guid":{"rendered":"https:\/\/therrien.org\/?page_id=672"},"modified":"2021-10-30T20:13:00","modified_gmt":"2021-10-31T00:13:00","slug":"present","status":"publish","type":"page","link":"https:\/\/therrien.org\/fr\/lassociation\/conseil-dadministration\/present\/","title":{"rendered":"Pr\u00e9sent"},"content":{"rendered":"<p><\/p>\n<p style=\"text-align: justify;\">Le conseil d\u2019administration de l\u2019association pour l\u2019ann\u00e9e 2021-2022 est compos\u00e9 des membres \u00e9lus suivants :<\/p>\n<p style=\"text-align: justify;\"><em><strong>Pr\u00e9sident<\/strong><\/em> : Nancy Therrien<br \/>\nWeedon, Qc, Ca<br \/>\n<img loading=\"lazy\" decoding=\"async\" title=\"Courriel\" src=\"https:\/\/therrien.org\/wp-content\/uploads\/2011\/08\/E_mail_Icon_32.png\" alt=\"\" width=\"20\" height=\"20\"> <a title=\"nancy1.therrien1@gmail.com\" href=\"mailto:nancy1.therrien1@gmail.com\">nancy1.therrien1@gmail.com<\/a><\/p>\n<p><em><strong>Vice-pr\u00e9sident<\/strong><\/em> : Gary Therrien<br \/>\nGlastonbury, CT , \u00c9U<br \/>\n<img loading=\"lazy\" decoding=\"async\" title=\"Courriel\" src=\"https:\/\/therrien.org\/wp-content\/uploads\/2011\/08\/E_mail_Icon_32.png\" alt=\"\" width=\"20\" height=\"20\"> <a title=\"gtherrien1@cox.net\" href=\"mailto:gtherrien1@cox.net\">gtherrien1@cox.net<\/a><\/p>\n<p class=\"alignnone size-full wp-image-80\" style=\"text-align: justify;\" title=\"T\u00e9l\u00e9phone\"><em title=\"Courriel\"><strong>Agente administrative<\/strong><\/em> :&nbsp;Sophie Therrien<br \/>\nMontr\u00e9al, Qc, Ca<br title=\"T\u00e9l\u00e9phone\"><img loading=\"lazy\" decoding=\"async\" title=\"Courriel\" src=\"https:\/\/therrien.org\/wp-content\/uploads\/2011\/08\/E_mail_Icon_32.png\" alt=\"\" width=\"20\" height=\"20\">&nbsp;<a title=\"stherrien00@gmail.com\" href=\"mailto:stherrien00@gmail.com\">stherrien00@gmail.com<\/a><\/p>\n<p style=\"text-align: justify;\"><em title=\"Courriel\"><strong>Tr\u00e9sorier<\/strong><\/em> :&nbsp;Gilles Therrien<br \/>\nVictoriaville, Qc, Ca<br title=\"T\u00e9l\u00e9phone\"><img loading=\"lazy\" decoding=\"async\" title=\"Courriel\" src=\"https:\/\/therrien.org\/wp-content\/uploads\/2011\/08\/E_mail_Icon_32.png\" alt=\"\" width=\"20\" height=\"20\">&nbsp;<a title=\"doris21@videotron.ca\" href=\"mailto:doris21@videotron.ca\">doris21@videotron.ca<\/a><\/p>\n<p style=\"text-align: justify;\"><em><strong>Administrateur<\/strong><\/em> :&nbsp;Ga\u00e9tan Saucier<br \/>\nQuebec, Qc, Ca<br title=\"T\u00e9l\u00e9phone\"><img loading=\"lazy\" decoding=\"async\" title=\"Courriel\" src=\"https:\/\/therrien.org\/wp-content\/uploads\/2011\/08\/E_mail_Icon_32.png\" alt=\"\" width=\"20\" height=\"20\">&nbsp;<a title=\"gaetan.saucier@hotmail.ca\" href=\"mailto:gaetan.saucier@hotmail.ca\">gaetan.saucier@hotmail.ca<\/a><\/p>\n<p style=\"text-align: justify;\"><em title=\"Courriel\"><strong>Administrateur<\/strong><\/em>: Michael DeConti<br \/>\nFarmington, CT, \u00c9U<br title=\"T\u00e9l\u00e9phone\"><img loading=\"lazy\" decoding=\"async\" title=\"Courriel\" src=\"https:\/\/therrien.org\/wp-content\/uploads\/2011\/08\/E_mail_Icon_32.png\" alt=\"\" width=\"20\" height=\"20\">&nbsp;<a title=\"michaeldeconti@comcast.net\" href=\"mailto:michaeldeconti@comcast.net\">michaeldeconti@comcast.net<\/a><\/p>\n<p style=\"text-align: justify;\"><em title=\"Courriel\"><strong>Administrateur<\/strong><\/em>: Theresa Therrien-Stewart-Martinez<br \/>\nSierra Vista, AZ, \u00c9-U<br title=\"T\u00e9l\u00e9phone\"><img loading=\"lazy\" decoding=\"async\" title=\"Courriel\" src=\"https:\/\/therrien.org\/wp-content\/uploads\/2011\/08\/E_mail_Icon_32.png\" alt=\"\" width=\"20\" height=\"20\">&nbsp;<a title=\"Theresa.therrienfamily@gmail.com\" href=\"mailto:Theresa.therrienfamily@gmail.comm\">Theresa.therrienfamily@gmail.com<\/a><\/p>\n<p><\/p>","protected":false},"excerpt":{"rendered":"<p>Le conseil d\u2019administration de l\u2019association pour l\u2019ann\u00e9e 2021-2022 est compos\u00e9 des membres \u00e9lus suivants : Pr\u00e9sident : Nancy Therrien Weedon, Qc, Ca nancy1.therrien1@gmail.com Vice-pr\u00e9sident : Gary Therrien Glastonbury, CT , \u00c9U gtherrien1@cox.net Agente administrative :&nbsp;Sophie Therrien Montr\u00e9al, Qc, Ca&nbsp;stherrien00@gmail.com Tr\u00e9sorier &hellip; <a href=\"https:\/\/therrien.org\/fr\/lassociation\/conseil-dadministration\/present\/\">Continuer la lecture <span class=\"meta-nav\">&rarr;<\/span><\/a><\/p>\n","protected":false},"author":3,"featured_media":0,"parent":55,"menu_order":0,"comment_status":"closed","ping_status":"closed","template":"","meta":{"ngg_post_thumbnail":0,"footnotes":""},"class_list":["post-672","page","type-page","status-publish","hentry"],"aioseo_notices":[],"_links":{"self":[{"href":"https:\/\/therrien.org\/fr\/wp-json\/wp\/v2\/pages\/672","targetHints":{"allow":["GET"]}}],"collection":[{"href":"https:\/\/therrien.org\/fr\/wp-json\/wp\/v2\/pages"}],"about":[{"href":"https:\/\/therrien.org\/fr\/wp-json\/wp\/v2\/types\/page"}],"author":[{"embeddable":true,"href":"https:\/\/therrien.org\/fr\/wp-json\/wp\/v2\/users\/3"}],"replies":[{"embeddable":true,"href":"https:\/\/therrien.org\/fr\/wp-json\/wp\/v2\/comments?post=672"}],"version-history":[{"count":43,"href":"https:\/\/therrien.org\/fr\/wp-json\/wp\/v2\/pages\/672\/revisions"}],"predecessor-version":[{"id":2514,"href":"https:\/\/therrien.org\/fr\/wp-json\/wp\/v2\/pages\/672\/revisions\/2514"}],"up":[{"embeddable":true,"href":"https:\/\/therrien.org\/fr\/wp-json\/wp\/v2\/pages\/55"}],"wp:attachment":[{"href":"https:\/\/therrien.org\/fr\/wp-json\/wp\/v2\/media?parent=672"}],"curies":[{"name":"wp","href":"https:\/\/api.w.org\/{rel}","templated":true}]}}