{"id":864,"date":"2012-06-03T17:48:33","date_gmt":"2012-06-03T21:48:33","guid":{"rendered":"https:\/\/therrien.org\/?page_id=864"},"modified":"2020-10-30T16:05:15","modified_gmt":"2020-10-30T20:05:15","slug":"chanson-theme-des-rassemblements","status":"publish","type":"page","link":"https:\/\/therrien.org\/fr\/lassociation\/chanson-theme-des-rassemblements\/","title":{"rendered":"Chanson th\u00e8me des rassemblements"},"content":{"rendered":"<p><\/p>\n<p style=\"text-align: center;\">CHANSON TH\u00c8ME DES RASSEMBLEMENTS<\/p>\n<p style=\"text-align: center;\">sur l&rsquo;air de \u00ab Voil\u00e0 pourquoi on chante des chansons \u00bb<\/p>\n<p style=\"text-align: center;\">Compos\u00e9 par Roger Therrien et Lise B\u00e9dard<\/p>\n<p style=\"text-align: center;\">***<\/p>\n<p style=\"text-align: center;\">Il y a plus de trois cent vingt -cinq ans (bis)<\/p>\n<p style=\"text-align: center;\">Arrivaient nos anc\u00eatres Pierre et Jean (bis)<\/p>\n<p style=\"text-align: center;\">REFRAIN<\/p>\n<p style=\"text-align: center;\">ON EST TOUS FIERS, FIERS D&rsquo;\u00caTRE DES THERRIEN<\/p>\n<p style=\"text-align: center;\">ON EST TOUS FIERS, FIERS D&rsquo;\u00caTRE DES THERRIEN<\/p>\n<p style=\"text-align: center;\">Laissant la France, traversant l&rsquo;oc\u00e9an (bis)<\/p>\n<p style=\"text-align: center;\">Navigu\u00e8rent jusqu&rsquo;\u00e0 l&rsquo;\u00cele d&rsquo;Orl\u00e9ans (bis)<\/p>\n<p style=\"text-align: center;\">REFRAIN<\/p>\n<p style=\"text-align: center;\">On en trouve maintenant dans tout le Canada (bis)<\/p>\n<p style=\"text-align: center;\">Encore en France et m\u00eame aux U.S.A. (bis)<\/p>\n<p style=\"text-align: center;\">REFRAIN<\/p>\n<p style=\"text-align: center;\">Un beau jour un des n\u00f4tres d\u00e9cida (bis)<\/p>\n<p style=\"text-align: center;\">Qu&rsquo;il faudrait rallier tout ce monde l\u00e0 (bis)<\/p>\n<p style=\"text-align: center;\">REFRAIN<\/p>\n<p style=\"text-align: center;\">Depuis ce temps, existe le Ralliement (bis)<\/p>\n<p style=\"text-align: center;\">Le ralliement des familles Pierre et Jean (bis)<\/p>\n<p style=\"text-align: center;\">REFRAIN<\/p>\n<p style=\"text-align: center;\">***<\/p>\n<p><\/p>","protected":false},"excerpt":{"rendered":"<p>CHANSON TH\u00c8ME DES RASSEMBLEMENTS sur l&rsquo;air de \u00ab Voil\u00e0 pourquoi on chante des chansons \u00bb Compos\u00e9 par Roger Therrien et Lise B\u00e9dard *** Il y a plus de trois cent vingt -cinq ans (bis) Arrivaient nos anc\u00eatres Pierre et Jean &hellip; <a href=\"https:\/\/therrien.org\/fr\/lassociation\/chanson-theme-des-rassemblements\/\">Continuer la lecture <span class=\"meta-nav\">&rarr;<\/span><\/a><\/p>\n","protected":false},"author":3,"featured_media":0,"parent":140,"menu_order":8,"comment_status":"open","ping_status":"open","template":"","meta":{"ngg_post_thumbnail":0,"footnotes":""},"class_list":["post-864","page","type-page","status-publish","hentry"],"aioseo_notices":[],"_links":{"self":[{"href":"https:\/\/therrien.org\/fr\/wp-json\/wp\/v2\/pages\/864","targetHints":{"allow":["GET"]}}],"collection":[{"href":"https:\/\/therrien.org\/fr\/wp-json\/wp\/v2\/pages"}],"about":[{"href":"https:\/\/therrien.org\/fr\/wp-json\/wp\/v2\/types\/page"}],"author":[{"embeddable":true,"href":"https:\/\/therrien.org\/fr\/wp-json\/wp\/v2\/users\/3"}],"replies":[{"embeddable":true,"href":"https:\/\/therrien.org\/fr\/wp-json\/wp\/v2\/comments?post=864"}],"version-history":[{"count":8,"href":"https:\/\/therrien.org\/fr\/wp-json\/wp\/v2\/pages\/864\/revisions"}],"predecessor-version":[{"id":2488,"href":"https:\/\/therrien.org\/fr\/wp-json\/wp\/v2\/pages\/864\/revisions\/2488"}],"up":[{"embeddable":true,"href":"https:\/\/therrien.org\/fr\/wp-json\/wp\/v2\/pages\/140"}],"wp:attachment":[{"href":"https:\/\/therrien.org\/fr\/wp-json\/wp\/v2\/media?parent=864"}],"curies":[{"name":"wp","href":"https:\/\/api.w.org\/{rel}","templated":true}]}}